{"id":1038,"date":"2023-07-21T13:33:12","date_gmt":"2023-07-21T11:33:12","guid":{"rendered":"https:\/\/www.wcup.cz\/?page_id=1038"},"modified":"2023-07-21T13:33:12","modified_gmt":"2023-07-21T11:33:12","slug":"spectator-information","status":"publish","type":"page","link":"https:\/\/www.wcup.cz\/2023\/spectator-information\/","title":{"rendered":"Spectator information"},"content":{"rendered":"\n<p>\u010cesk\u00e1 L\u00edpa bude v term\u00ednu 2.\u20136. srpna 2023 hostit 2. kolo Sv\u011btov\u00e9ho poh\u00e1ru v orienta\u010dn\u00edm b\u011bhu. Po\u0159adatelem je \u010cesk\u00fd svaz orienta\u010dn\u00edch sport\u016f spolu se zhruba 200 dobrovoln\u00edk\u016f. Prvn\u00ed dva z\u00e1vody Sv\u011btov\u00e9ho poh\u00e1ru se uskute\u010dn\u00ed p\u0159\u00edmo v \u010cesk\u00e9 L\u00edp\u011b, dal\u0161\u00ed dva z\u00e1vody se pak budou konat v lesn\u00edch ter\u00e9nech Koko\u0159\u00ednska. Vstupn\u00e9 na v\u0161echny z\u00e1vody je zdarma.<\/p>\n\n\n\n<figure class=\"wp-block-image\"><img decoding=\"async\" src=\"https:\/\/www.wcup.cz\/wp-content\/uploads\/2023\/01\/all_together-1024x379.jpg\" alt=\"\" class=\"wp-image-573\" \/><\/figure>\n\n\n\n<h1 class=\"wp-block-heading\"><strong>Program<\/strong>me<\/h1>\n\n\n\n<h4 class=\"wp-block-heading\">Wednesday 2<sup>nd<\/sup>&nbsp;August 2023 (City park \u010cesk\u00e1 L\u00edpa \u2013 sprint)<\/h4>\n\n\n\n<ul class=\"wp-block-list\">\n<li>12:00 Arena open<\/li>\n\n\n\n<li>14:10 Start sprint<\/li>\n\n\n\n<li>16:45-17:15 Resolution mens race<\/li>\n\n\n\n<li>17:45-18:15 Resolution womens race<\/li>\n\n\n\n<li>18:25 Flower ceremony<\/li>\n\n\n\n<li>19:00 Opening ceremony, prize giving ceremony<\/li>\n<\/ul>\n\n\n\n<h4 class=\"wp-block-heading\">Thursday 3<sup>rd<\/sup>&nbsp;August 2023 (City park \u010cesk\u00e1 L\u00edpa \u2013 sprint relay)<\/h4>\n\n\n\n<ul class=\"wp-block-list\">\n<li>12:30 Arena open<\/li>\n\n\n\n<li>14:30 Start Czech O-Tour (E1 \u2013 sprint)<\/li>\n\n\n\n<li>17:15 Start sprint relay<\/li>\n\n\n\n<li>18:00 Resolution of the race<\/li>\n\n\n\n<li>18:25 Flower ceremony<\/li>\n\n\n\n<li>19:00 Prize giving ceremony<\/li>\n\n\n\n<li>19:15 Czech O-Tour prize giving<\/li>\n<\/ul>\n\n\n\n<h4 class=\"wp-block-heading\">Friday 4<sup>th<\/sup>&nbsp;August 2023 (free day)<\/h4>\n\n\n\n<ul class=\"wp-block-list\">\n<li>10:00 Start Czech O-Tour (E2 \u2013 middle distance, camp Nedamov)<\/li>\n\n\n\n<li>15:00 Czech O-Tour prize giving<\/li>\n<\/ul>\n\n\n\n<h4 class=\"wp-block-heading\">Saturday 5<sup>th<\/sup>&nbsp;August 2023 (Korce \u2013 middle distance)<\/h4>\n\n\n\n<ul class=\"wp-block-list\">\n<li>7:30 Arena open<\/li>\n\n\n\n<li>8:30 Start women<\/li>\n\n\n\n<li>10:00 Start men<\/li>\n\n\n\n<li>12:30-13:30 Resolution womens race<\/li>\n\n\n\n<li>14:15-15:15 Resolution mens race<\/li>\n\n\n\n<li>15:25 Flower ceremony<\/li>\n\n\n\n<li>16:00 Prize giving ceremony<\/li>\n\n\n\n<li>16:00 Start Czech O-Tour (E3 \u2013 middle distance)<\/li>\n\n\n\n<li>19:30 Czech O-Tour prize giving<\/li>\n<\/ul>\n\n\n\n<h4 class=\"wp-block-heading\">Sunday 6<sup>th<\/sup>&nbsp;August 2023 (Korce \u2013 long distance)<\/h4>\n\n\n\n<ul class=\"wp-block-list\">\n<li>7:30 Arena open<\/li>\n\n\n\n<li>8:35 Start men<\/li>\n\n\n\n<li>9:00 Start women<\/li>\n\n\n\n<li>10:00 Start Czech O-Tour (E4 \u2013 long distance)<\/li>\n\n\n\n<li>12:00-13:00 Resolution womens race<\/li>\n\n\n\n<li>14:15-15:15 Resolution mens race<\/li>\n\n\n\n<li>15:25 Flower ceremony<\/li>\n\n\n\n<li>15:50 Closing ceremony, prize giving ceremony<\/li>\n\n\n\n<li>16:15 Czech O-Tour prize giving<\/li>\n<\/ul>\n\n\n\n<h1 class=\"wp-block-heading\">Parking and arena<\/h1>\n\n\n\n<h4 class=\"wp-block-heading\"><strong>\u010cesk\u00e1 L\u00edpa<\/strong><\/h4>\n\n\n\n<ul class=\"wp-block-list\">\n<li>Arena: city park \u010cesk\u00e1 L\u00edpa&nbsp;(GPS:&nbsp;<a href=\"https:\/\/mapy.cz\/s\/pesuranesu\">50.6902425N, 14.5360647E<\/a>)<\/li>\n\n\n\n<li>P1: parking city stadium (GPS:&nbsp;<a href=\"https:\/\/mapy.cz\/s\/jemuherelo\">50.6828828N, 14.5308156E<\/a>)&nbsp;<\/li>\n\n\n\n<li>P2: parking \u010cesk\u00e1 L\u00edpa nord (GPS:&nbsp;<a href=\"https:\/\/mapy.cz\/s\/palejusale\">50.6975544N, 14.5408164E<\/a>)<\/li>\n\n\n\n<li>P3: parking hockey stadium \u010cesk\u00e1 L\u00edpa (GPS:&nbsp;<a href=\"https:\/\/mapy.cz\/s\/levarupota\">50.6821567N, 14.5407919E<\/a>)<\/li>\n<\/ul>\n\n\n<div class=\"wp-block-image\">\n<figure class=\"aligncenter size-large is-resized\"><a href=\"https:\/\/www.wcup.cz\/wp-content\/uploads\/2023\/07\/E1-planek-parkovani-EN-scaled.jpg\"><img fetchpriority=\"high\" decoding=\"async\" src=\"https:\/\/www.wcup.cz\/wp-content\/uploads\/2023\/07\/E1-planek-parkovani-EN-1024x990.jpg\" alt=\"\" class=\"wp-image-1040\" width=\"512\" height=\"495\" \/><\/a><\/figure><\/div>\n\n<div class=\"wp-block-image\">\n<figure class=\"aligncenter size-large is-resized\"><a href=\"https:\/\/www.wcup.cz\/wp-content\/uploads\/2023\/07\/E1-Ceska-Lipa-planek-EN-scaled.jpg\"><img decoding=\"async\" src=\"https:\/\/www.wcup.cz\/wp-content\/uploads\/2023\/07\/E1-Ceska-Lipa-planek-EN-1024x720.jpg\" alt=\"\" class=\"wp-image-1110\" width=\"512\" height=\"360\" \/><\/a><\/figure><\/div>\n\n\n<h4 class=\"wp-block-heading\"><strong>Korce<\/strong><\/h4>\n\n\n\n<ul class=\"wp-block-list\">\n<li>Arena: meadow near Korce (GPS:&nbsp;<a href=\"https:\/\/mapy.cz\/s\/bopotafeje\">50.5364275N, 14.5943806E<\/a>)<\/li>\n\n\n\n<li>Parking: meadows close to the arena (GPS:\u00a0<a href=\"https:\/\/mapy.cz\/s\/kusedavobu\">50.5371775N, 14.5946517E<\/a>), choose the entrance to the parking lot in the direction from Dub\u00e1 (from the west).<\/li>\n<\/ul>\n\n\n<div class=\"wp-block-image\">\n<figure class=\"aligncenter size-large is-resized\"><a href=\"https:\/\/www.wcup.cz\/wp-content\/uploads\/2023\/07\/E34-planek-parkovani-EN-scaled.jpg\"><img decoding=\"async\" src=\"https:\/\/www.wcup.cz\/wp-content\/uploads\/2023\/07\/E34-planek-parkovani-EN-1024x596.jpg\" alt=\"\" class=\"wp-image-1113\" width=\"512\" height=\"298\" \/><\/a><\/figure><\/div>\n\n<div class=\"wp-block-image\">\n<figure class=\"aligncenter size-large is-resized\"><a href=\"https:\/\/www.wcup.cz\/wp-content\/uploads\/2023\/07\/E34-Korce-planek-EN-scaled.jpg\"><img loading=\"lazy\" decoding=\"async\" src=\"https:\/\/www.wcup.cz\/wp-content\/uploads\/2023\/07\/E34-Korce-planek-EN-1024x720.jpg\" alt=\"\" class=\"wp-image-1114\" width=\"512\" height=\"360\" \/><\/a><\/figure><\/div>\n\n\n<h2 class=\"wp-block-heading\">Accompanying programme<\/h2>\n\n\n\n<p><strong>Sporticus labyrinth<\/strong><\/p>\n\n\n\n<p>It will be in all OWC arenas. There will be several courses all days. All participants will receive a<br>special discount on purchase of socks for orienteering.<\/p>\n\n\n\n<p><strong>Shoe testing<\/strong><\/p>\n\n\n\n<p>The O-RUN sport shop will offer (friday to sunday) to rent free shoes (while supplies last) for your race to test shoes Bagheera Feral. Don&#8217;t miss out on this unique chance.<\/p>\n\n\n\n<p><strong>Orienteering bazaar<\/strong><\/p>\n\n\n\n<p>In the bazaar you can offer your sports equipment or buy new ones. <a rel=\"noreferrer noopener\" href=\"https:\/\/o-tour.cz\/en\/2023\/07\/orienteering-secondhand-shop\/\" target=\"_blank\">More info<\/a>.<\/p>\n\n\n\n<p><strong>Cateirng<\/strong><\/p>\n\n\n\n<p>All kinds of delicacies are waiting for you in the arena of all the races \u2013 hamburgers from the grill, vegetarian dishes or perhaps excellent coffee and the regional beer Konr\u00e1d. Bring your own cup, cutlery or box.<\/p>\n\n\n<div class=\"wp-block-image\">\n<figure class=\"aligncenter is-resized\"><img loading=\"lazy\" decoding=\"async\" src=\"https:\/\/www.wcup.cz\/wp-content\/uploads\/2023\/07\/labyrint.jpg\" alt=\"\" class=\"wp-image-992\" width=\"512\" height=\"384\" srcset=\"https:\/\/www.wcup.cz\/2023\/wp-content\/uploads\/sites\/3\/2023\/07\/labyrint.jpg 1024w, https:\/\/www.wcup.cz\/2023\/wp-content\/uploads\/sites\/3\/2023\/07\/labyrint-300x225.jpg 300w, https:\/\/www.wcup.cz\/2023\/wp-content\/uploads\/sites\/3\/2023\/07\/labyrint-768x576.jpg 768w\" sizes=\"(max-width: 512px) 100vw, 512px\" \/><\/figure><\/div>","protected":false},"excerpt":{"rendered":"<p>\u010cesk\u00e1 L\u00edpa bude v term\u00ednu 2.\u20136. srpna 2023 hostit 2. kolo Sv\u011btov\u00e9ho poh\u00e1ru v orienta\u010dn\u00edm b\u011bhu. Po\u0159adatelem je \u010cesk\u00fd svaz orienta\u010dn\u00edch sport\u016f spolu se zhruba 200 dobrovoln\u00edk\u016f. Prvn\u00ed dva z\u00e1vody Sv\u011btov\u00e9ho poh\u00e1ru se uskute\u010dn\u00ed p\u0159\u00edmo v \u010cesk\u00e9 L\u00edp\u011b, dal\u0161\u00ed dva z\u00e1vody se pak budou konat v lesn\u00edch ter\u00e9nech Koko\u0159\u00ednska. Vstupn\u00e9 [&hellip;]<\/p>\n","protected":false},"author":1,"featured_media":0,"parent":0,"menu_order":0,"comment_status":"closed","ping_status":"closed","template":"","meta":{"_mi_skip_tracking":false,"_monsterinsights_sitenote_active":false,"_monsterinsights_sitenote_note":"","_monsterinsights_sitenote_category":0,"footnotes":""},"class_list":["post-1038","page","type-page","status-publish","hentry"],"_links":{"self":[{"href":"https:\/\/www.wcup.cz\/2023\/wp-json\/wp\/v2\/pages\/1038","targetHints":{"allow":["GET"]}}],"collection":[{"href":"https:\/\/www.wcup.cz\/2023\/wp-json\/wp\/v2\/pages"}],"about":[{"href":"https:\/\/www.wcup.cz\/2023\/wp-json\/wp\/v2\/types\/page"}],"author":[{"embeddable":true,"href":"https:\/\/www.wcup.cz\/2023\/wp-json\/wp\/v2\/users\/1"}],"replies":[{"embeddable":true,"href":"https:\/\/www.wcup.cz\/2023\/wp-json\/wp\/v2\/comments?post=1038"}],"version-history":[{"count":0,"href":"https:\/\/www.wcup.cz\/2023\/wp-json\/wp\/v2\/pages\/1038\/revisions"}],"wp:attachment":[{"href":"https:\/\/www.wcup.cz\/2023\/wp-json\/wp\/v2\/media?parent=1038"}],"curies":[{"name":"wp","href":"https:\/\/api.w.org\/{rel}","templated":true}]}}