{"id":1077,"date":"2023-07-25T23:28:21","date_gmt":"2023-07-25T21:28:21","guid":{"rendered":"https:\/\/www.wcup.cz\/?page_id=1077"},"modified":"2023-07-25T23:28:21","modified_gmt":"2023-07-25T21:28:21","slug":"apk","status":"publish","type":"page","link":"https:\/\/www.wcup.cz\/2023\/apk\/","title":{"rendered":"Are\u00e1l pevn\u00fdch kontrol &#8211; Po stop\u00e1ch l\u00edpy"},"content":{"rendered":"\n<p>L\u00edpa je nejen n\u00e1rodn\u00edm symbolem, ale opravdu unik\u00e1tn\u00edm stromem po v\u0161ech stran\u00e1ch. Kde jinde se o n\u00ed dozv\u011bd\u011bt ne\u017e na \u00fazem\u00ed \u010cesk\u00e9 L\u00edpy? Are\u00e1l pevn\u00fdch kontrol <strong>obsahuje 12 kontrol<\/strong> a na ka\u017ed\u00e9m zastaven\u00ed se dozv\u00edte n\u011bjakou zaj\u00edmavost. M\u016f\u017eete b\u011b\u017eet, j\u00edt p\u011b\u0161ky nebo se jen toulat. Po\u0159ad\u00ed je zcela na v\u00e1s.<br>Vybrat si m\u016f\u017eete pochopiteln\u011b jen \u010d\u00e1st kontrol. <\/p>\n\n\n\n<figure class=\"wp-block-table\"><table><tbody><tr><td class=\"has-text-align-center\" data-align=\"center\"><img fetchpriority=\"high\" decoding=\"async\" width=\"1125\" height=\"1500\" class=\"wp-image-1131\" style=\"width: 200px\" src=\"https:\/\/www.wcup.cz\/wp-content\/uploads\/2023\/07\/IMG_0411.jpg\" alt=\"\" srcset=\"https:\/\/www.wcup.cz\/2023\/wp-content\/uploads\/sites\/3\/2023\/07\/IMG_0411.jpg 1125w, https:\/\/www.wcup.cz\/2023\/wp-content\/uploads\/sites\/3\/2023\/07\/IMG_0411-225x300.jpg 225w, https:\/\/www.wcup.cz\/2023\/wp-content\/uploads\/sites\/3\/2023\/07\/IMG_0411-768x1024.jpg 768w\" sizes=\"(max-width: 1125px) 100vw, 1125px\" \/><\/td><td class=\"has-text-align-center\" data-align=\"center\"><img decoding=\"async\" width=\"1125\" height=\"1500\" class=\"wp-image-1130\" style=\"width: 200px\" src=\"https:\/\/www.wcup.cz\/wp-content\/uploads\/2023\/07\/IMG_0406.jpg\" alt=\"\" srcset=\"https:\/\/www.wcup.cz\/2023\/wp-content\/uploads\/sites\/3\/2023\/07\/IMG_0406.jpg 1125w, https:\/\/www.wcup.cz\/2023\/wp-content\/uploads\/sites\/3\/2023\/07\/IMG_0406-225x300.jpg 225w, https:\/\/www.wcup.cz\/2023\/wp-content\/uploads\/sites\/3\/2023\/07\/IMG_0406-768x1024.jpg 768w\" sizes=\"(max-width: 1125px) 100vw, 1125px\" \/><\/td><td class=\"has-text-align-center\" data-align=\"center\"><img decoding=\"async\" width=\"1125\" height=\"1500\" class=\"wp-image-1129\" style=\"width: 200px\" src=\"https:\/\/www.wcup.cz\/wp-content\/uploads\/2023\/07\/IMG_0407.jpg\" alt=\"\" srcset=\"https:\/\/www.wcup.cz\/2023\/wp-content\/uploads\/sites\/3\/2023\/07\/IMG_0407.jpg 1125w, https:\/\/www.wcup.cz\/2023\/wp-content\/uploads\/sites\/3\/2023\/07\/IMG_0407-225x300.jpg 225w, https:\/\/www.wcup.cz\/2023\/wp-content\/uploads\/sites\/3\/2023\/07\/IMG_0407-768x1024.jpg 768w\" sizes=\"(max-width: 1125px) 100vw, 1125px\" \/><\/td><\/tr><\/tbody><\/table><\/figure>\n\n\n\n<p class=\"has-text-align-center\">Are\u00e1l byl finan\u010dn\u011b podpo\u0159en Nadac\u00ed \u010cEZ. D\u011bkujeme!<\/p>\n\n\n<div class=\"wp-block-image\">\n<figure class=\"aligncenter size-full\"><img decoding=\"async\" src=\"https:\/\/www.wcup.cz\/wp-content\/uploads\/2024\/03\/NadaceCEZ.png\" alt=\"\" class=\"wp-image-1277\" \/><\/figure><\/div>\n\n\n<p>Mapa je vytvo\u0159ena pro orienta\u010dn\u00ed b\u011bh, obsahuje <a href=\"https:\/\/metodika.orientacnisporty.cz\/upload\/2022\/03\/ISOM-2017-2-plakat.pdf\" target=\"_blank\" rel=\"noreferrer noopener\">v\u0161echny detaily nutn\u00e9 pro orientaci<\/a>. Cel\u00fd prostor je unik\u00e1tn\u00ed a obsahuje v\u0161echny kr\u00e1sy orien\u0165\u00e1ku &#8211; chv\u00edli si budete p\u0159ipadat jako ve Skandin\u00e1vii, pot\u00e9 p\u0159eb\u011bhnete do p\u00edskovcov\u00fdch skal, nebude chyb\u011bt rovina typick\u00e1 pro Polabskou n\u00ed\u017einu. Zaj\u00edmavost\u00ed jsou tak\u00e9 vulkanick\u00e9 vrcholky jako je H\u016frka (327 m n. m.) nebo \u017dizn\u00edkovsk\u00fd vrch (295 m n. m.). Ka\u017ed\u00e1 kontrola obsahuje i <strong>speci\u00e1ln\u00ed kle\u0161t\u011b<\/strong>, d\u00edky kter\u00fdm lze ozna\u010dit jej\u00ed pr\u016fchod do t\u00e9to mapy.<\/p>\n\n\n\n<p>Are\u00e1l pevn\u00fdch kontrol vznikl p\u0159i p\u0159\u00edle\u017eitosti kon\u00e1n\u00ed <strong>Sv\u011btov\u00e9ho poh\u00e1ru v orienta\u010dn\u00edm b\u011bhu<\/strong> v \u010cesk\u00e9 L\u00edp\u011b (2.\u20136. 8. 2023).<\/p>\n\n\n\n<p>Kontroly vytipovat \u010deskolipsk\u00fd knihkupec a orienta\u010dn\u00ed b\u011b\u017eec Petr Karv\u00e1nek.<\/p>\n\n\n\n<p>St\u00e1hnout si m\u016f\u017eete <a rel=\"noreferrer noopener\" href=\"https:\/\/www.wcup.cz\/wp-content\/uploads\/2023\/07\/mapa-web.pdf\" target=\"_blank\">mapu zde<\/a> (form\u00e1t PDF). <\/p>\n\n\n\n<figure class=\"wp-block-image size-large\"><img loading=\"lazy\" decoding=\"async\" width=\"1024\" height=\"768\" src=\"https:\/\/www.wcup.cz\/wp-content\/uploads\/2023\/07\/IMG_0404-1024x768.jpg\" alt=\"\" class=\"wp-image-1132\" srcset=\"https:\/\/www.wcup.cz\/2023\/wp-content\/uploads\/sites\/3\/2023\/07\/IMG_0404-1024x768.jpg 1024w, https:\/\/www.wcup.cz\/2023\/wp-content\/uploads\/sites\/3\/2023\/07\/IMG_0404-300x225.jpg 300w, https:\/\/www.wcup.cz\/2023\/wp-content\/uploads\/sites\/3\/2023\/07\/IMG_0404-768x576.jpg 768w, https:\/\/www.wcup.cz\/2023\/wp-content\/uploads\/sites\/3\/2023\/07\/IMG_0404-1536x1152.jpg 1536w, https:\/\/www.wcup.cz\/2023\/wp-content\/uploads\/sites\/3\/2023\/07\/IMG_0404.jpg 2000w\" sizes=\"(max-width: 1024px) 100vw, 1024px\" \/><\/figure>\n\n\n\n<h3 class=\"wp-block-heading\">Za\u010d\u00e1tek<\/h3>\n\n\n\n<ul class=\"wp-block-list\">\n<li>Start va\u0161eho putov\u00e1n\u00ed \/ tr\u00e9ninku doporu\u010dujeme na <a rel=\"noreferrer noopener\" href=\"https:\/\/mapy.cz\/s\/negefozume\" target=\"_blank\">parkovi\u0161ti v ulici Jilmov\u00e1<\/a> (GPS: 50.6720578N, 14.5539500E) &#8211; v map\u011b. <\/li>\n\n\n\n<li>Za\u010d\u00e1tek si m\u016f\u017eete vybrat i jin\u00fd, d\u00e1vejte jen pozor, abyste neparkovali nebo nechodili p\u0159es soukrom\u00e9 pozemky.<\/li>\n<\/ul>\n\n\n<div class=\"wp-block-image\">\n<figure class=\"aligncenter size-large is-resized\"><a href=\"https:\/\/www.wcup.cz\/wp-content\/uploads\/2023\/07\/mapa-web.pdf\"><img loading=\"lazy\" decoding=\"async\" width=\"725\" height=\"1024\" src=\"https:\/\/www.wcup.cz\/wp-content\/uploads\/2023\/07\/po-stopach-lipy-725x1024.jpg\" alt=\"\" class=\"wp-image-1122\" style=\"width:446px;height:630px\" srcset=\"https:\/\/www.wcup.cz\/2023\/wp-content\/uploads\/sites\/3\/2023\/07\/po-stopach-lipy-725x1024.jpg 725w, https:\/\/www.wcup.cz\/2023\/wp-content\/uploads\/sites\/3\/2023\/07\/po-stopach-lipy-212x300.jpg 212w, https:\/\/www.wcup.cz\/2023\/wp-content\/uploads\/sites\/3\/2023\/07\/po-stopach-lipy-768x1085.jpg 768w, https:\/\/www.wcup.cz\/2023\/wp-content\/uploads\/sites\/3\/2023\/07\/po-stopach-lipy-1087x1536.jpg 1087w, https:\/\/www.wcup.cz\/2023\/wp-content\/uploads\/sites\/3\/2023\/07\/po-stopach-lipy.jpg 1241w\" sizes=\"(max-width: 725px) 100vw, 725px\" \/><\/a><\/figure><\/div>","protected":false},"excerpt":{"rendered":"<p>L\u00edpa je nejen n\u00e1rodn\u00edm symbolem, ale opravdu unik\u00e1tn\u00edm stromem po v\u0161ech stran\u00e1ch. Kde jinde se o n\u00ed dozv\u011bd\u011bt ne\u017e na \u00fazem\u00ed \u010cesk\u00e9 L\u00edpy? Are\u00e1l pevn\u00fdch kontrol obsahuje 12 kontrol a na ka\u017ed\u00e9m zastaven\u00ed se dozv\u00edte n\u011bjakou zaj\u00edmavost. M\u016f\u017eete b\u011b\u017eet, j\u00edt p\u011b\u0161ky nebo se jen toulat. Po\u0159ad\u00ed je zcela na v\u00e1s.Vybrat [&hellip;]<\/p>\n","protected":false},"author":1,"featured_media":0,"parent":0,"menu_order":0,"comment_status":"closed","ping_status":"closed","template":"","meta":{"_mi_skip_tracking":false,"_monsterinsights_sitenote_active":false,"_monsterinsights_sitenote_note":"","_monsterinsights_sitenote_category":0,"footnotes":""},"class_list":["post-1077","page","type-page","status-publish","hentry"],"_links":{"self":[{"href":"https:\/\/www.wcup.cz\/2023\/wp-json\/wp\/v2\/pages\/1077","targetHints":{"allow":["GET"]}}],"collection":[{"href":"https:\/\/www.wcup.cz\/2023\/wp-json\/wp\/v2\/pages"}],"about":[{"href":"https:\/\/www.wcup.cz\/2023\/wp-json\/wp\/v2\/types\/page"}],"author":[{"embeddable":true,"href":"https:\/\/www.wcup.cz\/2023\/wp-json\/wp\/v2\/users\/1"}],"replies":[{"embeddable":true,"href":"https:\/\/www.wcup.cz\/2023\/wp-json\/wp\/v2\/comments?post=1077"}],"version-history":[{"count":0,"href":"https:\/\/www.wcup.cz\/2023\/wp-json\/wp\/v2\/pages\/1077\/revisions"}],"wp:attachment":[{"href":"https:\/\/www.wcup.cz\/2023\/wp-json\/wp\/v2\/media?parent=1077"}],"curies":[{"name":"wp","href":"https:\/\/api.w.org\/{rel}","templated":true}]}}