{"id":161,"date":"2022-06-29T17:45:21","date_gmt":"2022-06-29T15:45:21","guid":{"rendered":"https:\/\/www.wcup.cz\/?page_id=161"},"modified":"2022-06-29T17:45:21","modified_gmt":"2022-06-29T15:45:21","slug":"kontakty","status":"publish","type":"page","link":"https:\/\/www.wcup.cz\/2023\/kontakty\/","title":{"rendered":"Kontakty"},"content":{"rendered":"\n<figure class=\"wp-block-image\"><img decoding=\"async\" src=\"https:\/\/woc2021.cz\/wp-content\/uploads\/2020\/02\/logoCsos.png\" alt=\"\" class=\"wp-image-156\" \/><\/figure>\n\n\n\n<p><strong>\u010cesk\u00fd svaz orienta\u010dn\u00edch sport\u016f<\/strong><br>Z\u00e1topkova 100\/2<br>169 00 Praha 6 \u2013 B\u0159evnov<br>I\u010cO: 00548677<\/p>\n\n\n\n<p><strong>E-mail:<\/strong>\u00a0<a href=\"mailto:info@wcup.cz\">info@wcup.cz<\/a><\/p>\n\n\n\n<p><strong>Telefon:<\/strong>&nbsp;+420 739 598 691<\/p>\n\n\n\n<p><strong>P\u0159edseda OV:<\/strong>\u00a0Jan Picek (<a href=\"mailto:jpicek@orientacnisporty.cz\">jpicek@orientacnisporty.cz<\/a>)<\/p>\n\n\n\n<p><\/p>\n","protected":false},"excerpt":{"rendered":"<p>\u010cesk\u00fd svaz orienta\u010dn\u00edch sport\u016fZ\u00e1topkova 100\/2169 00 Praha 6 \u2013 B\u0159evnovI\u010cO: 00548677 E-mail:\u00a0info@wcup.cz Telefon:&nbsp;+420 739 598 691 P\u0159edseda OV:\u00a0Jan Picek (jpicek@orientacnisporty.cz)<\/p>\n","protected":false},"author":1,"featured_media":0,"parent":0,"menu_order":0,"comment_status":"closed","ping_status":"closed","template":"","meta":{"_mi_skip_tracking":false,"_monsterinsights_sitenote_active":false,"_monsterinsights_sitenote_note":"","_monsterinsights_sitenote_category":0,"footnotes":""},"class_list":["post-161","page","type-page","status-publish","hentry"],"_links":{"self":[{"href":"https:\/\/www.wcup.cz\/2023\/wp-json\/wp\/v2\/pages\/161","targetHints":{"allow":["GET"]}}],"collection":[{"href":"https:\/\/www.wcup.cz\/2023\/wp-json\/wp\/v2\/pages"}],"about":[{"href":"https:\/\/www.wcup.cz\/2023\/wp-json\/wp\/v2\/types\/page"}],"author":[{"embeddable":true,"href":"https:\/\/www.wcup.cz\/2023\/wp-json\/wp\/v2\/users\/1"}],"replies":[{"embeddable":true,"href":"https:\/\/www.wcup.cz\/2023\/wp-json\/wp\/v2\/comments?post=161"}],"version-history":[{"count":0,"href":"https:\/\/www.wcup.cz\/2023\/wp-json\/wp\/v2\/pages\/161\/revisions"}],"wp:attachment":[{"href":"https:\/\/www.wcup.cz\/2023\/wp-json\/wp\/v2\/media?parent=161"}],"curies":[{"name":"wp","href":"https:\/\/api.w.org\/{rel}","templated":true}]}}