{"id":179,"date":"2022-06-29T17:58:17","date_gmt":"2022-06-29T15:58:17","guid":{"rendered":"https:\/\/www.wcup.cz\/?page_id=179"},"modified":"2025-02-16T11:00:31","modified_gmt":"2025-02-16T10:00:31","slug":"program","status":"publish","type":"page","link":"https:\/\/www.wcup.cz\/2023\/en\/competitors\/program\/","title":{"rendered":"Programme"},"content":{"rendered":"\n<h2 class=\"wp-block-heading\"><a href=\"https:\/\/www.wcup.cz\/2023\/cs\/spectator-information\/\" target=\"_blank\" rel=\"noreferrer noopener\">Spectator information<\/a><\/h2>\n\n\n\n<h4 class=\"wp-block-heading\"><strong>Monday 31<sup>st<\/sup>&nbsp;July 2023<\/strong><\/h4>\n\n\n\n<ul class=\"wp-block-list\">\n<li>arrival (\u010cesk\u00e1 L\u00edpa)<\/li>\n<\/ul>\n\n\n\n<h4 class=\"wp-block-heading\"><strong><strong>Tuesday 1<sup>st<\/sup>&nbsp;August 2023<\/strong><\/strong><\/h4>\n\n\n\n<ul class=\"wp-block-list\">\n<li>model sprint + technical model (\u010cesk\u00e1 L\u00edpa)<\/li>\n<\/ul>\n\n\n\n<h4 class=\"wp-block-heading\">Wednesday 2<sup>nd<\/sup>&nbsp;August 2023 (City park \u010cesk\u00e1 L\u00edpa \u2013 sprint)<\/h4>\n\n\n\n<ul class=\"wp-block-list\">\n<li>12:00 Arena open<\/li>\n\n\n\n<li>14:10 Start sprint<\/li>\n\n\n\n<li>16:45-17:15 Resolution mens race<\/li>\n\n\n\n<li>17:45-18:15 Resolution womens race<\/li>\n\n\n\n<li>18:25 Flower ceremony<\/li>\n\n\n\n<li>19:00 Opening ceremony, prize giving ceremony<\/li>\n<\/ul>\n\n\n\n<h4 class=\"wp-block-heading\">Thursday 3<sup>rd<\/sup>&nbsp;August 2023 (City park \u010cesk\u00e1 L\u00edpa \u2013 sprint relay)<\/h4>\n\n\n\n<ul class=\"wp-block-list\">\n<li>12:30 Arena open<\/li>\n\n\n\n<li>14:30 Start Czech O-Tour (E1 \u2013 sprint)<\/li>\n\n\n\n<li>17:15 Start sprint relay<\/li>\n\n\n\n<li>18:00 Resolution of the race<\/li>\n\n\n\n<li>18:25 Flower ceremony<\/li>\n\n\n\n<li>19:00 Prize giving ceremony<\/li>\n<\/ul>\n\n\n\n<h4 class=\"wp-block-heading\">Friday 4<sup>th<\/sup>&nbsp;August 2023 (free day)<\/h4>\n\n\n\n<ul class=\"wp-block-list\">\n<li>10:00 Start Czech O-Tour (E2 \u2013 middle distance, camp Nedamov)<\/li>\n<\/ul>\n\n\n\n<h4 class=\"wp-block-heading\">Saturday 5<sup>th<\/sup>&nbsp;August 2023 (Korce \u2013 middle distance)<\/h4>\n\n\n\n<ul class=\"wp-block-list\">\n<li>7:30 Arena open<\/li>\n\n\n\n<li>8:30 Start women<\/li>\n\n\n\n<li>10:00 Start men<\/li>\n\n\n\n<li>12:30-13:30 Resolution womens race<\/li>\n\n\n\n<li>14:15-15:15 Resolution mens race<\/li>\n\n\n\n<li>15:25 Flower ceremony<\/li>\n\n\n\n<li>16:00 Prize giving ceremony<\/li>\n\n\n\n<li>16:00 Start Czech O-Tour (E3 \u2013 middle distance)<\/li>\n<\/ul>\n\n\n\n<h4 class=\"wp-block-heading\">Sunday 6<sup>th<\/sup>&nbsp;August 2023 (Korce \u2013 long distance)<\/h4>\n\n\n\n<ul class=\"wp-block-list\">\n<li>7:30 Arena open<\/li>\n\n\n\n<li>8:35 Start men<\/li>\n\n\n\n<li>9:00 Start women<\/li>\n\n\n\n<li>10:00 Start Czech O-Tour (E4 \u2013 long distance)<\/li>\n\n\n\n<li>12:00-13:00 Resolution womens race<\/li>\n\n\n\n<li>14:15-15:15 Resolution mens race<\/li>\n\n\n\n<li>15:25 Flower ceremony<\/li>\n\n\n\n<li>15:50 Closing ceremony, prize giving ceremony<\/li>\n<\/ul>\n","protected":false},"excerpt":{"rendered":"<p>Spectator information Monday 31st&nbsp;July 2023 Tuesday 1st&nbsp;August 2023 Wednesday 2nd&nbsp;August 2023 (City park \u010cesk\u00e1 L\u00edpa \u2013 sprint) Thursday 3rd&nbsp;August 2023 (City park \u010cesk\u00e1 L\u00edpa \u2013 sprint relay) Friday 4th&nbsp;August 2023 (free day) Saturday 5th&nbsp;August 2023 (Korce \u2013 middle distance) Sunday 6th&nbsp;August 2023 (Korce \u2013 long distance)<\/p>\n","protected":false},"author":1,"featured_media":0,"parent":100,"menu_order":0,"comment_status":"closed","ping_status":"closed","template":"","meta":{"_mi_skip_tracking":false,"_monsterinsights_sitenote_active":false,"_monsterinsights_sitenote_note":"","_monsterinsights_sitenote_category":0,"footnotes":""},"class_list":["post-179","page","type-page","status-publish","hentry"],"_links":{"self":[{"href":"https:\/\/www.wcup.cz\/2023\/wp-json\/wp\/v2\/pages\/179","targetHints":{"allow":["GET"]}}],"collection":[{"href":"https:\/\/www.wcup.cz\/2023\/wp-json\/wp\/v2\/pages"}],"about":[{"href":"https:\/\/www.wcup.cz\/2023\/wp-json\/wp\/v2\/types\/page"}],"author":[{"embeddable":true,"href":"https:\/\/www.wcup.cz\/2023\/wp-json\/wp\/v2\/users\/1"}],"replies":[{"embeddable":true,"href":"https:\/\/www.wcup.cz\/2023\/wp-json\/wp\/v2\/comments?post=179"}],"version-history":[{"count":2,"href":"https:\/\/www.wcup.cz\/2023\/wp-json\/wp\/v2\/pages\/179\/revisions"}],"predecessor-version":[{"id":1287,"href":"https:\/\/www.wcup.cz\/2023\/wp-json\/wp\/v2\/pages\/179\/revisions\/1287"}],"up":[{"embeddable":true,"href":"https:\/\/www.wcup.cz\/2023\/wp-json\/wp\/v2\/pages\/100"}],"wp:attachment":[{"href":"https:\/\/www.wcup.cz\/2023\/wp-json\/wp\/v2\/media?parent=179"}],"curies":[{"name":"wp","href":"https:\/\/api.w.org\/{rel}","templated":true}]}}