{"id":182,"date":"2022-06-29T17:58:31","date_gmt":"2022-06-29T15:58:31","guid":{"rendered":"https:\/\/www.wcup.cz\/?page_id=182"},"modified":"2025-02-16T10:53:49","modified_gmt":"2025-02-16T09:53:49","slug":"program-2","status":"publish","type":"page","link":"https:\/\/www.wcup.cz\/2023\/pro-zavodniky\/program-2\/","title":{"rendered":"Program"},"content":{"rendered":"\n<h2 class=\"wp-block-heading\"><a href=\"https:\/\/www.wcup.cz\/2023\/cs\/zakladni-informace\/\" target=\"_blank\" rel=\"noreferrer noopener\">Informace pro fanou\u0161ky<\/a><\/h2>\n\n\n\n<h4 class=\"wp-block-heading\">St\u0159eda 2. srpna 2023 (M\u011bstsk\u00fd park \u010cesk\u00e1 L\u00edpa \u2013 sprint)<\/h4>\n\n\n\n<ul class=\"wp-block-list\">\n<li>12:00 Ar\u00e9na z\u00e1vodu otev\u0159ena<\/li>\n\n\n\n<li>14:10 Start z\u00e1vodu<\/li>\n\n\n\n<li>16:45-17:15 Vyvrcholen\u00ed z\u00e1vodu mu\u017e\u016f<\/li>\n\n\n\n<li>17:45-18:15 Vyvrcholen\u00ed z\u00e1vodu \u017een<\/li>\n\n\n\n<li>18:25 Kv\u011btinov\u00fd ceremoni\u00e1l<\/li>\n\n\n\n<li>19:00 Zahajovac\u00ed + prize giving ceremoni\u00e1l<\/li>\n<\/ul>\n\n\n\n<h4 class=\"wp-block-heading\">\u010ctvrtek 3. srpna 2023 (M\u011bstsk\u00fd park \u010cesk\u00e1 L\u00edpa \u2013 sprintov\u00e9 \u0161tafety)<\/h4>\n\n\n\n<ul class=\"wp-block-list\">\n<li>12:30 Ar\u00e9na z\u00e1vodu otev\u0159ena<\/li>\n\n\n\n<li>14:30 Start z\u00e1vodu pro ve\u0159ejnost Czech O-Tour (E1 \u2013 sprint)<\/li>\n\n\n\n<li>17:15 Start z\u00e1vodu<\/li>\n\n\n\n<li>18:00 Vyvrcholen\u00ed z\u00e1vodu<\/li>\n\n\n\n<li>18:25 Kv\u011btinov\u00fd ceremoni\u00e1l<\/li>\n\n\n\n<li>19:00 Prize giving ceremoni\u00e1l<\/li>\n<\/ul>\n\n\n\n<h4 class=\"wp-block-heading\">P\u00e1tek 4. srpna 2023 (voln\u00fd den)<\/h4>\n\n\n\n<ul class=\"wp-block-list\">\n<li>10:00 Start z\u00e1vodu pro ve\u0159ejnost Czech O-Tour (E2 \u2013 kr\u00e1tk\u00e1 tra\u0165, autokemp Nedamov)<\/li>\n<\/ul>\n\n\n\n<h4 class=\"wp-block-heading\">Sobota 5. srpna 2023 (Korce \u2013 kr\u00e1tk\u00e1 tra\u0165)<\/h4>\n\n\n\n<ul class=\"wp-block-list\">\n<li>7:30 Ar\u00e9na z\u00e1vodu otev\u0159ena<\/li>\n\n\n\n<li>8:30 Start z\u00e1vodu \u017een<\/li>\n\n\n\n<li>10:00 Start z\u00e1vodu mu\u017e\u016f<\/li>\n\n\n\n<li>12:30-13:30 Vyvrcholen\u00ed z\u00e1vodu \u017een<\/li>\n\n\n\n<li>14:15-15:15 Vyvrcholen\u00ed z\u00e1vodu mu\u017e\u016f<\/li>\n\n\n\n<li>15:25 Kv\u011btinov\u00fd ceremoni\u00e1l<\/li>\n\n\n\n<li>16:00 Prize giving ceremoni\u00e1l<\/li>\n\n\n\n<li>16:00 Start z\u00e1vodu pro ve\u0159ejnost Czech O-Tour (E3 \u2013 kr\u00e1tk\u00e1 tra\u0165)<\/li>\n<\/ul>\n\n\n\n<h4 class=\"wp-block-heading\">Ned\u011ble 6. srpna 2023 (Korce \u2013 klasick\u00e1 tra\u0165)<\/h4>\n\n\n\n<ul class=\"wp-block-list\">\n<li>7:30 Ar\u00e9na z\u00e1vodu otev\u0159ena<\/li>\n\n\n\n<li>8:35 Start z\u00e1vodu mu\u017e\u016f<\/li>\n\n\n\n<li>9:00 Start z\u00e1vodu \u017een<\/li>\n\n\n\n<li>10:00 Start z\u00e1vodu pro ve\u0159ejnost Czech O-Tour (E4 \u2013 klasick\u00e1 tra\u0165)<\/li>\n\n\n\n<li>12:00-13:00 Vyvrcholen\u00ed z\u00e1vodu \u017een<\/li>\n\n\n\n<li>14:15-15:15 Vyvrcholen\u00ed z\u00e1vodu mu\u017e\u016f<\/li>\n\n\n\n<li>15:25 Kv\u011btinov\u00fd ceremoni\u00e1l<\/li>\n\n\n\n<li>15:50 Zakon\u010dovac\u00ed ceremoni\u00e1l, prize giving ceremoni\u00e1l<\/li>\n<\/ul>\n","protected":false},"excerpt":{"rendered":"<p>Informace pro fanou\u0161ky St\u0159eda 2. srpna 2023 (M\u011bstsk\u00fd park \u010cesk\u00e1 L\u00edpa \u2013 sprint) \u010ctvrtek 3. srpna 2023 (M\u011bstsk\u00fd park \u010cesk\u00e1 L\u00edpa \u2013 sprintov\u00e9 \u0161tafety) P\u00e1tek 4. srpna 2023 (voln\u00fd den) Sobota 5. srpna 2023 (Korce \u2013 kr\u00e1tk\u00e1 tra\u0165) Ned\u011ble 6. srpna 2023 (Korce \u2013 klasick\u00e1 tra\u0165)<\/p>\n","protected":false},"author":1,"featured_media":0,"parent":132,"menu_order":0,"comment_status":"closed","ping_status":"closed","template":"","meta":{"_mi_skip_tracking":false,"_monsterinsights_sitenote_active":false,"_monsterinsights_sitenote_note":"","_monsterinsights_sitenote_category":0,"footnotes":""},"class_list":["post-182","page","type-page","status-publish","hentry"],"_links":{"self":[{"href":"https:\/\/www.wcup.cz\/2023\/wp-json\/wp\/v2\/pages\/182","targetHints":{"allow":["GET"]}}],"collection":[{"href":"https:\/\/www.wcup.cz\/2023\/wp-json\/wp\/v2\/pages"}],"about":[{"href":"https:\/\/www.wcup.cz\/2023\/wp-json\/wp\/v2\/types\/page"}],"author":[{"embeddable":true,"href":"https:\/\/www.wcup.cz\/2023\/wp-json\/wp\/v2\/users\/1"}],"replies":[{"embeddable":true,"href":"https:\/\/www.wcup.cz\/2023\/wp-json\/wp\/v2\/comments?post=182"}],"version-history":[{"count":1,"href":"https:\/\/www.wcup.cz\/2023\/wp-json\/wp\/v2\/pages\/182\/revisions"}],"predecessor-version":[{"id":1281,"href":"https:\/\/www.wcup.cz\/2023\/wp-json\/wp\/v2\/pages\/182\/revisions\/1281"}],"up":[{"embeddable":true,"href":"https:\/\/www.wcup.cz\/2023\/wp-json\/wp\/v2\/pages\/132"}],"wp:attachment":[{"href":"https:\/\/www.wcup.cz\/2023\/wp-json\/wp\/v2\/media?parent=182"}],"curies":[{"name":"wp","href":"https:\/\/api.w.org\/{rel}","templated":true}]}}