{"id":189,"date":"2022-06-29T18:08:35","date_gmt":"2022-06-29T16:08:35","guid":{"rendered":"https:\/\/www.wcup.cz\/?page_id=189"},"modified":"2022-06-29T18:08:35","modified_gmt":"2022-06-29T16:08:35","slug":"buletiny","status":"publish","type":"page","link":"https:\/\/www.wcup.cz\/2023\/pro-zavodniky\/buletiny\/","title":{"rendered":"Bulletiny"},"content":{"rendered":"<p>Bulletin 4 (26.7. 2023)<\/p>\n<p><a href=\"https:\/\/www.wcup.cz\/wp-content\/uploads\/2023\/07\/owc-2023-bulletin-4_oprava.pdf\" target=\"_blank\" rel=\"noopener\"><img fetchpriority=\"high\" decoding=\"async\" class=\"\" src=\"https:\/\/www.wcup.cz\/wp-content\/uploads\/2023\/07\/OWC-2023-Bulletin-4-digital_compressed-1_Stranka_01.png\" width=\"304\" height=\"215\" \/><\/a><\/p>\n<p>Bulletin 3.1 (\u010cervenec 2023)<\/p>\n<p><a href=\"https:\/\/www.wcup.cz\/wp-content\/uploads\/2023\/07\/Bulletin-3.1.pdf\"><img decoding=\"async\" class=\"alignnone  wp-image-944\" src=\"https:\/\/www.wcup.cz\/wp-content\/uploads\/2023\/07\/Bulletin3.1-300x211.png\" alt=\"\" width=\"304\" height=\"214\" srcset=\"https:\/\/www.wcup.cz\/2023\/wp-content\/uploads\/sites\/3\/2023\/07\/Bulletin3.1-300x211.png 300w, https:\/\/www.wcup.cz\/2023\/wp-content\/uploads\/sites\/3\/2023\/07\/Bulletin3.1-1024x721.png 1024w, https:\/\/www.wcup.cz\/2023\/wp-content\/uploads\/sites\/3\/2023\/07\/Bulletin3.1-768x541.png 768w, https:\/\/www.wcup.cz\/2023\/wp-content\/uploads\/sites\/3\/2023\/07\/Bulletin3.1.png 1401w\" sizes=\"(max-width: 304px) 100vw, 304px\" \/><\/a><\/p>\n<p>Bulletin 3 (\u010derven 2023)<\/p>\n<p><a href=\"https:\/\/www.wcup.cz\/wp-content\/uploads\/2023\/06\/Bulletin-3-v20230605-final.pdf\" target=\"_blank\" rel=\"noopener\"><img decoding=\"async\" class=\"alignnone size-medium wp-image-816\" src=\"https:\/\/www.wcup.cz\/wp-content\/uploads\/2023\/06\/obalka-B3-300x212.jpg\" alt=\"\" width=\"300\" height=\"212\" srcset=\"https:\/\/www.wcup.cz\/2023\/wp-content\/uploads\/sites\/3\/2023\/06\/obalka-B3-300x212.jpg 300w, https:\/\/www.wcup.cz\/2023\/wp-content\/uploads\/sites\/3\/2023\/06\/obalka-B3-768x542.jpg 768w, https:\/\/www.wcup.cz\/2023\/wp-content\/uploads\/sites\/3\/2023\/06\/obalka-B3.jpg 987w\" sizes=\"(max-width: 300px) 100vw, 300px\" \/><\/a><\/p>\n<p>Bulletin 1\/2 (z\u00e1\u0159\u00ed 2022)<\/p>\n<p><a href=\"https:\/\/www.wcup.cz\/wp-content\/uploads\/2022\/09\/Bulletin-1_2-text-version-20220930.pdf\" target=\"_blank\" rel=\"noopener\"><img loading=\"lazy\" decoding=\"async\" class=\"alignnone size-medium wp-image-387\" src=\"https:\/\/www.wcup.cz\/wp-content\/uploads\/2022\/09\/Bulletin-1_2-preview-210x300.jpg\" alt=\"\" width=\"210\" height=\"300\" srcset=\"https:\/\/www.wcup.cz\/2023\/wp-content\/uploads\/sites\/3\/2022\/09\/Bulletin-1_2-preview-210x300.jpg 210w, https:\/\/www.wcup.cz\/2023\/wp-content\/uploads\/sites\/3\/2022\/09\/Bulletin-1_2-preview.jpg 558w\" sizes=\"(max-width: 210px) 100vw, 210px\" \/><\/a><\/p>\n","protected":false},"excerpt":{"rendered":"<p>Bulletin 4 (26.7. 2023) Bulletin 3.1 (\u010cervenec 2023) Bulletin 3 (\u010derven 2023) Bulletin 1\/2 (z\u00e1\u0159\u00ed 2022)<\/p>\n","protected":false},"author":1,"featured_media":0,"parent":132,"menu_order":0,"comment_status":"closed","ping_status":"closed","template":"","meta":{"_mi_skip_tracking":false,"_monsterinsights_sitenote_active":false,"_monsterinsights_sitenote_note":"","_monsterinsights_sitenote_category":0,"footnotes":""},"class_list":["post-189","page","type-page","status-publish","hentry"],"_links":{"self":[{"href":"https:\/\/www.wcup.cz\/2023\/wp-json\/wp\/v2\/pages\/189","targetHints":{"allow":["GET"]}}],"collection":[{"href":"https:\/\/www.wcup.cz\/2023\/wp-json\/wp\/v2\/pages"}],"about":[{"href":"https:\/\/www.wcup.cz\/2023\/wp-json\/wp\/v2\/types\/page"}],"author":[{"embeddable":true,"href":"https:\/\/www.wcup.cz\/2023\/wp-json\/wp\/v2\/users\/1"}],"replies":[{"embeddable":true,"href":"https:\/\/www.wcup.cz\/2023\/wp-json\/wp\/v2\/comments?post=189"}],"version-history":[{"count":0,"href":"https:\/\/www.wcup.cz\/2023\/wp-json\/wp\/v2\/pages\/189\/revisions"}],"up":[{"embeddable":true,"href":"https:\/\/www.wcup.cz\/2023\/wp-json\/wp\/v2\/pages\/132"}],"wp:attachment":[{"href":"https:\/\/www.wcup.cz\/2023\/wp-json\/wp\/v2\/media?parent=189"}],"curies":[{"name":"wp","href":"https:\/\/api.w.org\/{rel}","templated":true}]}}