{"id":250,"date":"2022-06-29T18:41:14","date_gmt":"2022-06-29T16:41:14","guid":{"rendered":"https:\/\/www.wcup.cz\/?page_id=250"},"modified":"2022-06-29T18:41:14","modified_gmt":"2022-06-29T16:41:14","slug":"jsem-dobrovolnik","status":"publish","type":"page","link":"https:\/\/www.wcup.cz\/2023\/pro-verejnost\/dobrovolnici\/jsem-dobrovolnik\/","title":{"rendered":"Jsem dobrovoln\u00edk"},"content":{"rendered":"\n<p>Bez V\u00e1s, dobrovoln\u00edk\u016f, by se tato akce nikdy nemohla uskute\u010dnit a za V\u00e1\u0161 z\u00e1jem V\u00e1m velmi d\u011bkujeme :). Po\u010d\u00edt\u00e1me s \u00fa\u010dast\u00ed kolem 300 dobrovoln\u00edk\u016f.<br>Pokud jste se p\u0159ihl\u00e1sili mezi dobrovoln\u00edky, v pr\u016fb\u011bhu jara 2023 dostanete informaci o va\u0161em za\u0159azen\u00ed.<\/p>\n\n\n\n<p>Ve\u0161ker\u00e9 va\u0161e dotazy r\u00e1da zodpov\u00ed koordin\u00e1torka dobrovoln\u00edk\u016f Ad\u00e9la Havlov\u00e1 \u2013 email:\u00a0<a href=\"mailto:dobrovolnici@wcup.cz\">dobrovolnici@wcup.cz<\/a><\/p>\n","protected":false},"excerpt":{"rendered":"<p>Bez V\u00e1s, dobrovoln\u00edk\u016f, by se tato akce nikdy nemohla uskute\u010dnit a za V\u00e1\u0161 z\u00e1jem V\u00e1m velmi d\u011bkujeme :). Po\u010d\u00edt\u00e1me s \u00fa\u010dast\u00ed kolem 300 dobrovoln\u00edk\u016f.Pokud jste se p\u0159ihl\u00e1sili mezi dobrovoln\u00edky, v pr\u016fb\u011bhu jara 2023 dostanete informaci o va\u0161em za\u0159azen\u00ed. Ve\u0161ker\u00e9 va\u0161e dotazy r\u00e1da zodpov\u00ed koordin\u00e1torka dobrovoln\u00edk\u016f Ad\u00e9la Havlov\u00e1 \u2013 email:\u00a0dobrovolnici@wcup.cz<\/p>\n","protected":false},"author":1,"featured_media":0,"parent":247,"menu_order":0,"comment_status":"closed","ping_status":"closed","template":"","meta":{"_mi_skip_tracking":false,"_monsterinsights_sitenote_active":false,"_monsterinsights_sitenote_note":"","_monsterinsights_sitenote_category":0,"footnotes":""},"class_list":["post-250","page","type-page","status-publish","hentry"],"_links":{"self":[{"href":"https:\/\/www.wcup.cz\/2023\/wp-json\/wp\/v2\/pages\/250","targetHints":{"allow":["GET"]}}],"collection":[{"href":"https:\/\/www.wcup.cz\/2023\/wp-json\/wp\/v2\/pages"}],"about":[{"href":"https:\/\/www.wcup.cz\/2023\/wp-json\/wp\/v2\/types\/page"}],"author":[{"embeddable":true,"href":"https:\/\/www.wcup.cz\/2023\/wp-json\/wp\/v2\/users\/1"}],"replies":[{"embeddable":true,"href":"https:\/\/www.wcup.cz\/2023\/wp-json\/wp\/v2\/comments?post=250"}],"version-history":[{"count":0,"href":"https:\/\/www.wcup.cz\/2023\/wp-json\/wp\/v2\/pages\/250\/revisions"}],"up":[{"embeddable":true,"href":"https:\/\/www.wcup.cz\/2023\/wp-json\/wp\/v2\/pages\/247"}],"wp:attachment":[{"href":"https:\/\/www.wcup.cz\/2023\/wp-json\/wp\/v2\/media?parent=250"}],"curies":[{"name":"wp","href":"https:\/\/api.w.org\/{rel}","templated":true}]}}