{"id":253,"date":"2022-06-29T18:41:28","date_gmt":"2022-06-29T16:41:28","guid":{"rendered":"https:\/\/www.wcup.cz\/?page_id=253"},"modified":"2022-06-29T18:41:28","modified_gmt":"2022-06-29T16:41:28","slug":"chci-byt-dobrovolnikem","status":"publish","type":"page","link":"https:\/\/www.wcup.cz\/2023\/pro-verejnost\/dobrovolnici\/chci-byt-dobrovolnikem\/","title":{"rendered":"Chci b\u00fdt dobrovoln\u00edkem"},"content":{"rendered":"\n<p>M\u00e1\u0161 po\u0159adatelsk\u00e9ho ducha? Chce\u0161 na vlastn\u00ed o\u010di vid\u011bt sv\u011btov\u00e9 hv\u011bzdy orienta\u010dn\u00edho b\u011bhu? Tak to pro Tebe m\u00e1me skv\u011blou p\u0159\u00edle\u017eitost b\u00fdt dobrovoln\u00edkem p\u0159i Sv\u011btov\u00e9m poh\u00e1ru v&nbsp;roce 2023.<\/p>\n\n\n\n<p>Cel\u00e1 akce se kon\u00e1 v term\u00ednu 2. &#8211; 6. 8. 2023, centrum je situov\u00e1no v&nbsp;\u010cesk\u00e9 L\u00edp\u011b a po\u010d\u00edt\u00e1me s \u00fa\u010dast\u00ed 300 dobrovoln\u00edk\u016f. Z\u00e1\u017eitky, v\u011b\u0159\u00edme, budou nezapomenuteln\u00e9. Poj\u010f do toho s n\u00e1mi!<\/p>\n\n\n\n<p><strong>Pro\u010d se zapojit do po\u0159\u00e1d\u00e1n\u00ed<\/strong><\/p>\n\n\n\n<ul class=\"wp-block-list\"><li>bude\u0161 sou\u010d\u00e1st\u00ed na\u0161eho t\u00fdmu \u2013 pozn\u00e1\u0161 nov\u00e9 lidi, z\u00edsk\u00e1\u0161 nov\u00e9 zku\u0161enosti<\/li><li>pod\u00edv\u00e1\u0161 se do z\u00e1kulis\u00ed takto velk\u00e9 akce a aktivn\u011b se zapoj\u00ed\u0161 do jej\u00ed organizace<\/li><li>uvid\u00ed\u0161 sv\u011btov\u00e9 hv\u011bzdy orien\u0165\u00e1ku na vlastn\u00ed o\u010di<\/li><\/ul>\n\n\n\n<p><strong>Jak se zapoj\u00ed\u0161 do po\u0159\u00e1d\u00e1n\u00ed? Zveme t\u011b do t\u011bchto sekc\u00ed!<\/strong><\/p>\n\n\n\n<ul class=\"wp-block-list\"><li>Ar\u00e9ny \u2013 postar\u00e1\u0161 se o stavbu a servis ar\u00e9n, parkov\u00e1n\u00ed, \u010di d\u011btsk\u00fd koutek<\/li><li>Dobrovoln\u00edci \u2013 bude\u0161 se pod\u00edlet na zaji\u0161t\u011bn\u00ed ubytov\u00e1n\u00ed, dopravy, stravov\u00e1n\u00ed a dal\u0161\u00edch slu\u017eeb pro dobrovoln\u00edky<\/li><li>Sportovn\u00ed sekce \u2013 zapoj\u00ed\u0161 se u startu, v c\u00edli, v pr\u016fb\u011bhu trati<\/li><li>Technologie \u2013 bude\u0161 sou\u010d\u00e1st\u00ed t\u00fdmu IT (vy\u010d\u00edt\u00e1n\u00ed SI, v\u00fdsledky, web, TV)<\/li><li>Marketing \u2013 pom\u016f\u017ee\u0161 se starat o partnery akce, o m\u00e9dia, o fanou\u0161ky<\/li><\/ul>\n\n\n\n<p><strong>Benefity pro dobrovoln\u00edky (krom\u011b dobr\u00e9ho pocitu a spousty pr\u00e1ce <\/strong><strong>\ud83d\ude42<\/strong><strong> )<\/strong><\/p>\n\n\n\n<ul class=\"wp-block-list\"><li>unik\u00e1tn\u00ed funk\u010dn\u00ed triko<\/li><li>slam\u00e1k\/k\u0161iltovka<\/li><li>dal\u0161\u00ed d\u00e1rky i od na\u0161ich partner\u016f<\/li><li>stravov\u00e1n\u00ed a pitn\u00fd re\u017eim po celou dobu akce<\/li><li>mo\u017enost potvrzen\u00ed praxe\/volna z pr\u00e1ce, ze \u0161koly<\/li><li>ubytov\u00e1n\u00ed v p\u0159\u00edpad\u011b pot\u0159eby<\/li><li>doprava v pr\u016fb\u011bhu akce<\/li><\/ul>\n\n\n\n<p>T\u011b\u0161\u00edme se na spolupr\u00e1ci pr\u00e1v\u011b s Tebou! Pokud t\u011b nab\u00eddka oslovila, nezapome\u0148 vyplnit <a rel=\"noreferrer noopener\" href=\"https:\/\/forms.gle\/xKSYXL3fnmPhATrHA\" data-type=\"URL\" data-id=\"https:\/\/forms.gle\/xKSYXL3fnmPhATrHA\" target=\"_blank\">p\u0159ihla\u0161ovac\u00ed formul\u00e1\u0159<\/a> co nejd\u0159\u00edv.<\/p>\n\n\n\n<p>Bez dobrovoln\u00edk\u016f by se tato akce nikdy nemohla uskute\u010dnit a za V\u00e1\u0161 z\u00e1jem V\u00e1m velmi d\u011bkujeme \ud83d\ude42\u00a0<\/p>\n\n\n\n<p>Ve\u0161ker\u00e9 va\u0161e dotazy r\u00e1da zodpov\u00ed koordin\u00e1torka dobrovoln\u00edk\u016f Ad\u00e9la Havlov\u00e1 \u2013 email&nbsp;<a href=\"mailto:dobrovolnici@wcup.cz\">dobrovolnici@wcup.cz<\/a> .<\/p>\n\n\n\n<figure class=\"wp-block-image size-full\"><img fetchpriority=\"high\" decoding=\"async\" width=\"821\" height=\"313\" src=\"https:\/\/www.wcup.cz\/wp-content\/uploads\/2022\/09\/fb-covver.jpg\" alt=\"\" class=\"wp-image-403\" srcset=\"https:\/\/www.wcup.cz\/2023\/wp-content\/uploads\/sites\/3\/2022\/09\/fb-covver.jpg 821w, https:\/\/www.wcup.cz\/2023\/wp-content\/uploads\/sites\/3\/2022\/09\/fb-covver-300x114.jpg 300w, https:\/\/www.wcup.cz\/2023\/wp-content\/uploads\/sites\/3\/2022\/09\/fb-covver-768x293.jpg 768w\" sizes=\"(max-width: 821px) 100vw, 821px\" \/><\/figure>\n\n\n\n<p><\/p>\n","protected":false},"excerpt":{"rendered":"<p>M\u00e1\u0161 po\u0159adatelsk\u00e9ho ducha? Chce\u0161 na vlastn\u00ed o\u010di vid\u011bt sv\u011btov\u00e9 hv\u011bzdy orienta\u010dn\u00edho b\u011bhu? Tak to pro Tebe m\u00e1me skv\u011blou p\u0159\u00edle\u017eitost b\u00fdt dobrovoln\u00edkem p\u0159i Sv\u011btov\u00e9m poh\u00e1ru v&nbsp;roce 2023. Cel\u00e1 akce se kon\u00e1 v term\u00ednu 2. &#8211; 6. 8. 2023, centrum je situov\u00e1no v&nbsp;\u010cesk\u00e9 L\u00edp\u011b a po\u010d\u00edt\u00e1me s \u00fa\u010dast\u00ed 300 dobrovoln\u00edk\u016f. Z\u00e1\u017eitky, v\u011b\u0159\u00edme, [&hellip;]<\/p>\n","protected":false},"author":1,"featured_media":0,"parent":247,"menu_order":0,"comment_status":"closed","ping_status":"closed","template":"","meta":{"_mi_skip_tracking":false,"_monsterinsights_sitenote_active":false,"_monsterinsights_sitenote_note":"","_monsterinsights_sitenote_category":0,"footnotes":""},"class_list":["post-253","page","type-page","status-publish","hentry"],"_links":{"self":[{"href":"https:\/\/www.wcup.cz\/2023\/wp-json\/wp\/v2\/pages\/253","targetHints":{"allow":["GET"]}}],"collection":[{"href":"https:\/\/www.wcup.cz\/2023\/wp-json\/wp\/v2\/pages"}],"about":[{"href":"https:\/\/www.wcup.cz\/2023\/wp-json\/wp\/v2\/types\/page"}],"author":[{"embeddable":true,"href":"https:\/\/www.wcup.cz\/2023\/wp-json\/wp\/v2\/users\/1"}],"replies":[{"embeddable":true,"href":"https:\/\/www.wcup.cz\/2023\/wp-json\/wp\/v2\/comments?post=253"}],"version-history":[{"count":0,"href":"https:\/\/www.wcup.cz\/2023\/wp-json\/wp\/v2\/pages\/253\/revisions"}],"up":[{"embeddable":true,"href":"https:\/\/www.wcup.cz\/2023\/wp-json\/wp\/v2\/pages\/247"}],"wp:attachment":[{"href":"https:\/\/www.wcup.cz\/2023\/wp-json\/wp\/v2\/media?parent=253"}],"curies":[{"name":"wp","href":"https:\/\/api.w.org\/{rel}","templated":true}]}}