{"id":283,"date":"2022-06-29T19:02:47","date_gmt":"2022-06-29T17:02:47","guid":{"rendered":"https:\/\/www.wcup.cz\/?page_id=283"},"modified":"2022-06-29T19:02:47","modified_gmt":"2022-06-29T17:02:47","slug":"informace-pro-media","status":"publish","type":"page","link":"https:\/\/www.wcup.cz\/2023\/media-2\/informace-pro-media\/","title":{"rendered":"Informace pro m\u00e9dia"},"content":{"rendered":"\n<p>Sv\u011btov\u00fd poh\u00e1r v orienta\u010dn\u00edm b\u011bhu pokra\u010duje v roce 2023 druh\u00fdm kolem v \u010cesk\u00e9 L\u00edp\u011b. Je n\u00e1m ct\u00ed p\u0159iv\u00edtat novin\u00e1\u0159e, fotografy, kameramany a tv\u016frce obsahu soci\u00e1ln\u00edch s\u00edt\u00ed z cel\u00e9ho sv\u011bta v obou na\u0161ich ar\u00e9n\u00e1ch v \u010cesk\u00e9 L\u00edp\u011b a Korc\u00edch.<br><\/p>\n\n\n\n<p><strong>REGISTRACE <\/strong><\/p>\n\n\n\n<p>M\u00e1te-li z\u00e1jem \u00fa\u010dastnit se Sv\u011btov\u00e9ho poh\u00e1ru, za\u0161lete pros\u00edm va\u0161i p\u0159ihl\u00e1\u0161ku na email media@wcup.cz s n\u00e1sleduj\u00edc\u00edmi informacemi:<\/p>\n\n\n\n<p>\u25cf Jm\u00e9no a p\u0159\u00edjmen\u00ed<br>\u25cf M\u00e9dium nebo organizace<br>\u25cf E-mailov\u00e1 adresa<br>\u25cf Telefonn\u00ed \u010d\u00edslo<br>\u25cf Fotograf\/Report\u00e9r<br>\u25cf \u00da\u010dast na medi\u00e1ln\u00edm z\u00e1vod\u011b ano\/ne<\/p>\n\n\n\n<p>Registrace je bezplatn\u00e1. <\/p>\n\n\n\n<p><br><strong><strong>AKREDITACE <\/strong><\/strong><\/p>\n\n\n\n<p>Akreditaci je mo\u017en\u00e9 si vyzvednout v kancel\u00e1\u0159i z\u00e1vodu do 1. srpna do 20:00 hodin. Po t\u00e9to dob\u011b budou akreditace k vyzvednut\u00ed v Media centru. Aby v\u00e1m byl umo\u017en\u011bn vstup do Media centra, je pot\u0159eba se prok\u00e1zat akredita\u010dn\u00ed karti\u010dkou. <\/p>\n\n\n\n<p><br><strong>MEDIA CENTRUM<\/strong><\/p>\n\n\n\n<p>P\u0159ed zah\u00e1jen\u00edm 2. kola Sv\u011btov\u00e9ho poh\u00e1ru obdr\u017e\u00ed v\u0161echna akreditovan\u00e1 m\u00e9dia bulletin s detailn\u00edmi informacemi o akci. Krom\u011b toho bude v\u0161em registrovan\u00fdm z\u00e1stupc\u016fm m\u00e9di\u00ed p\u0159ed ka\u017ed\u00fdm z\u00e1vodem zasl\u00e1n e-mail s kl\u00ed\u010dov\u00fdmi informacemi pro nadch\u00e1zej\u00edc\u00ed z\u00e1vod.<\/p>\n\n\n\n<p>B\u011bhem lesn\u00edch discipl\u00edn bude mo\u017en\u00e9 fotografovat z\u00e1vodn\u00edky na foto kontrole, kter\u00e1 bude um\u00edst\u011bna v doch\u00e1zkov\u00e9 vzd\u00e1lenosti od z\u00e1vodn\u00edho centra, a na kterou budou akreditovan\u00e9 fotografy doprov\u00e1zet na\u0161i fotokoordin\u00e1to\u0159i. <\/p>\n\n\n\n<p>B\u011bhem sprintov\u00fdch discipl\u00edn budou fotokoordin\u00e1to\u0159i organizovat fofografy prim\u00e1rn\u011b v c\u00edli. Fotografov\u00e1n\u00ed v prostoru z\u00e1vodu nen\u00ed zak\u00e1z\u00e1no, ale informujte se pros\u00edm o vhodnosti v\u00e1mi vybran\u00e9ho m\u00edsta u vedouc\u00edho media centra b\u011bhem rann\u00edho briefingu.<\/p>\n\n\n\n<p>Na za\u010d\u00e1tku ka\u017ed\u00e9ho sout\u011b\u017en\u00edho dne prob\u011bhne v media stanu kr\u00e1tk\u00fd br\u00edfink pro repot\u00e9ry i fotografy.<\/p>\n\n\n\n<p>Medi\u00e1ln\u00ed servis zahrnuje:<br>\u25cf p\u0159\u00edstup do media stanu s pracovn\u00edmi stanicemi<br>\u25cf Wi-Fi, elekt\u0159ina, tisk\u00e1rny<br>\u25cf mapy a startovn\u00ed listiny<br>\u25cf on-line p\u0159enos (v\u00fdsledky, televizn\u00ed produkce, GPS)<br>\u25cf p\u0159\u00edstup k foto kontrole a foto m\u00edst\u016fm v ar\u00e9n\u00e1ch<br>\u25cf \u00fa\u010dast na VIP\/media z\u00e1vod\u011b<br>\u25cf k\u00e1va\/\u010daj, mal\u00e9 ob\u010derstven\u00ed<\/p>\n\n\n\n<p><br><strong>LIVE SLU\u017dBY<\/strong><\/p>\n\n\n\n<p>B\u011bhem v\u0161ech z\u00e1vod\u016f bude prob\u00edhat \u017eiv\u00e1 televizn\u00ed produkce. P\u0159enos bude vys\u00edl\u00e1n v norsk\u00e9, \u0161v\u00e9dsk\u00e9, finsk\u00e9 a \u010desk\u00e9 televizi a tak\u00e9 po cel\u00e9m sv\u011bt\u011b prost\u0159ednictv\u00edm <a href=\"https:\/\/tv.orienteering.sport\/\" target=\"_blank\" rel=\"noreferrer noopener\">https:\/\/tv.orienteering.sport\/<\/a> s anglick\u00fdm koment\u00e1\u0159em. Zde je rozpis vys\u00edl\u00e1n\u00ed:<\/p>\n\n\n\n<p>2. srpna 16:00 &#8211; 18:30<br>3. srpna 17:00 &#8211; 18:30<br>5. srpna 11:00 &#8211; 15:30<br>6. srpna 11:00 &#8211; 15:30<br><\/p>\n\n\n\n<p><strong>Z\u00c1VOD PRO VIP\/M\u00c9DIA<\/strong><\/p>\n\n\n\n<p>VIP\/Media z\u00e1vod bude organizov\u00e1n 3. srpna z ar\u00e9ny Sv\u011btov\u00e9ho poh\u00e1ru v \u010cesk\u00e9 L\u00edp\u011b.<br>\u25cf Registrace bude prob\u00edhat v Media stanu (pro m\u00e9dia), VIP stanu (pro VIP).<br>\u25cf Start bude od 15:00 do 17:00 hod.<br>\u25cf SI \u010dipy budou k dispozici v Media a VIP stanech<br>\u25cf VIP\/Media z\u00e1vod bude vyu\u017e\u00edvat kontroly div\u00e1ck\u00e9ho z\u00e1vodu Kwak Czech Orienteering Tour, 1. etapa.<br><\/p>\n\n\n\n<p><strong>KONTAKT PRO M\u00c9DIA<\/strong><\/p>\n\n\n\n<p>Alena Dlabajov\u00e1, media@wcup.cz, +420 727 938 093<\/p>\n\n\n\n<p><\/p>\n\n\n\n<figure class=\"wp-block-embed is-type-video is-provider-youtube wp-block-embed-youtube wp-embed-aspect-16-9 wp-has-aspect-ratio\"><div class=\"wp-block-embed__wrapper\">\n<div class=\"embed-responsive embed-responsive-16by9\"><iframe class=\"embed-responsive-item\"  title=\"Orienteering World Cup 2023 Czechia Teaser\" width=\"500\" height=\"281\" src=\"https:\/\/www.youtube.com\/embed\/Z89TaDDb3OQ?feature=oembed\" frameborder=\"0\" allow=\"accelerometer; autoplay; clipboard-write; encrypted-media; gyroscope; picture-in-picture; web-share\" referrerpolicy=\"strict-origin-when-cross-origin\" allowfullscreen><\/iframe><\/div>\n<\/div><\/figure>\n\n\n\n<p><\/p>\n\n\n\n<p><\/p>\n\n\n\n<p><\/p>\n","protected":false},"excerpt":{"rendered":"<p>Sv\u011btov\u00fd poh\u00e1r v orienta\u010dn\u00edm b\u011bhu pokra\u010duje v roce 2023 druh\u00fdm kolem v \u010cesk\u00e9 L\u00edp\u011b. Je n\u00e1m ct\u00ed p\u0159iv\u00edtat novin\u00e1\u0159e, fotografy, kameramany a tv\u016frce obsahu soci\u00e1ln\u00edch s\u00edt\u00ed z cel\u00e9ho sv\u011bta v obou na\u0161ich ar\u00e9n\u00e1ch v \u010cesk\u00e9 L\u00edp\u011b a Korc\u00edch. REGISTRACE M\u00e1te-li z\u00e1jem \u00fa\u010dastnit se Sv\u011btov\u00e9ho poh\u00e1ru, za\u0161lete pros\u00edm va\u0161i p\u0159ihl\u00e1\u0161ku na [&hellip;]<\/p>\n","protected":false},"author":1,"featured_media":0,"parent":148,"menu_order":0,"comment_status":"closed","ping_status":"closed","template":"","meta":{"_mi_skip_tracking":false,"_monsterinsights_sitenote_active":false,"_monsterinsights_sitenote_note":"","_monsterinsights_sitenote_category":0,"footnotes":""},"class_list":["post-283","page","type-page","status-publish","hentry"],"_links":{"self":[{"href":"https:\/\/www.wcup.cz\/2023\/wp-json\/wp\/v2\/pages\/283","targetHints":{"allow":["GET"]}}],"collection":[{"href":"https:\/\/www.wcup.cz\/2023\/wp-json\/wp\/v2\/pages"}],"about":[{"href":"https:\/\/www.wcup.cz\/2023\/wp-json\/wp\/v2\/types\/page"}],"author":[{"embeddable":true,"href":"https:\/\/www.wcup.cz\/2023\/wp-json\/wp\/v2\/users\/1"}],"replies":[{"embeddable":true,"href":"https:\/\/www.wcup.cz\/2023\/wp-json\/wp\/v2\/comments?post=283"}],"version-history":[{"count":0,"href":"https:\/\/www.wcup.cz\/2023\/wp-json\/wp\/v2\/pages\/283\/revisions"}],"up":[{"embeddable":true,"href":"https:\/\/www.wcup.cz\/2023\/wp-json\/wp\/v2\/pages\/148"}],"wp:attachment":[{"href":"https:\/\/www.wcup.cz\/2023\/wp-json\/wp\/v2\/media?parent=283"}],"curies":[{"name":"wp","href":"https:\/\/api.w.org\/{rel}","templated":true}]}}