{"id":436,"date":"2022-10-05T13:48:47","date_gmt":"2022-10-05T11:48:47","guid":{"rendered":"https:\/\/www.wcup.cz\/?page_id=436"},"modified":"2022-10-05T13:48:47","modified_gmt":"2022-10-05T11:48:47","slug":"napsali-o-nas","status":"publish","type":"page","link":"https:\/\/www.wcup.cz\/2023\/media-2\/napsali-o-nas\/","title":{"rendered":"Napsali o n\u00e1s"},"content":{"rendered":"\n<p>14. z\u00e1\u0159\u00ed 2022 &#8211; <a rel=\"noreferrer noopener\" href=\"https:\/\/o-news.cz\/23-zajimavosti-o-sp-2023-v-cesku-kdy-kde-co-a-jak\/\" target=\"_blank\">23 zaj\u00edmavost\u00ed o SP 2023 v\u00a0\u010cesku: kdy, kde, co a jak<\/a> (O-News.cz)<br>29. z\u00e1\u0159\u00ed 2022 &#8211; <a href=\"https:\/\/run-magazine.cz\/hlavni\/zavody\/pripravuje-se-svetovy-pohar-v-orientacnim-behu-na-ceskolipsku-4-zavody-pro-elitu-i-hobiky\" data-type=\"link\" data-id=\"https:\/\/run-magazine.cz\/hlavni\/zavody\/pripravuje-se-svetovy-pohar-v-orientacnim-behu-na-ceskolipsku-4-zavody-pro-elitu-i-hobiky\">P\u0159ipravuje se Sv\u011btov\u00fd poh\u00e1r v orienta\u010dn\u00edm b\u011bhu na \u010ceskolipsku: 4 z\u00e1vody pro elitu i hob\u00edky<\/a>\u00a0 (www.run-magazine.cz)<br>4. \u0159\u00edjna 2022 &#8211; <a rel=\"noreferrer noopener\" href=\"https:\/\/ceskolipsky.denik.cz\/ctenar-reporter\/ceska-lipa-a-machuv-kraj-budou-za-rok-hostit-orientacni-bezce-z-celeho-sveta-202.html\" target=\"_blank\">\u010cesk\u00e1 L\u00edpa a M\u00e1ch\u016fv kraj budou za rok hostit orienta\u010dn\u00ed b\u011b\u017ece z cel\u00e9ho sv\u011bta<\/a> (\u010ceskolipsk\u00fd den\u00edk)<br>18. dubna 2023 &#8211; <a rel=\"noreferrer noopener\" href=\"https:\/\/www.mucl.cz\/vismo\/dokumenty2.asp?id_org=2138&amp;id=49066\" target=\"_blank\">Rok 2023 je v \u010cesk\u00e9 L\u00edp\u011b rokem sportu<\/a> (M\u011bsto \u010cesk\u00e1 L\u00edpa)<br>19. dubna 2023 &#8211; <a rel=\"noreferrer noopener\" href=\"https:\/\/liberecka.drbna.cz\/sport\/32595-nejlepsi-orientacni-bezci-se-vrati-do-ceska-v-ceske-lipe-o-prazdninach-bude-svetovy-pohar.html\" target=\"_blank\">Nejlep\u0161\u00ed orienta\u010dn\u00ed b\u011b\u017eci se vr\u00e1t\u00ed do \u010ceska. V \u010cesk\u00e9 L\u00edp\u011b o pr\u00e1zdnin\u00e1ch bude Sv\u011btov\u00fd poh\u00e1r<\/a> (Libereck\u00e1 drbna)<br>20. dubna 2023 &#8211; <a rel=\"noreferrer noopener\" href=\"https:\/\/ceskolipsky.denik.cz\/zpravy_region\/lipa-se-chysta-na-svetovy-pohar-zabehat-si-s-mapou-bude-moci-i-verejnost-2023042.html\" target=\"_blank\">L\u00edpa se chyst\u00e1 na sv\u011btov\u00fd poh\u00e1r. Zab\u011bhat si s mapou bude moci i ve\u0159ejnost<\/a> (\u010ceskolipsk\u00fd den\u00edk)<br>20. dubna 2023 &#8211; <a rel=\"noreferrer noopener\" href=\"http:\/\/www.rtmplus.cz\/video\/23948\/ceska-lipa-privita-orientacni-bezce-z-celeho-sveta.html\" target=\"_blank\">\u010cesk\u00e1 L\u00edpa p\u0159iv\u00edt\u00e1 orienta\u010dn\u00ed b\u011b\u017ece z cel\u00e9ho sv\u011bta<\/a> (RTM plus)<br>22. kv\u011btna 2023 &#8211; <a rel=\"noreferrer noopener\" href=\"https:\/\/ceskolipsky.denik.cz\/zpravy_region\/orientacni-beh-nadchl-skolaky-v-ceske-lipe-se-konaly-zavody-20230522.html\" target=\"_blank\">Orienta\u010dn\u00ed b\u011bh nadchl \u0161kol\u00e1ky. V \u010cesk\u00e9 L\u00edp\u011b se konaly z\u00e1vody<\/a> (\u010ceskolipsk\u00fd den\u00edk)<br>26. kv\u011btna 2023 &#8211; <a href=\"https:\/\/mncl.cz\/assets\/File.ashx?id_org=200256&amp;id_dokumenty=1818\" data-type=\"URL\" data-id=\"https:\/\/mncl.cz\/assets\/File.ashx?id_org=200256&amp;id_dokumenty=1818\">Rok 2023 je v \u010cesk\u00e9 L\u00edp\u011b rokem sportu<\/a> (M\u011bstk\u00e9 noviny \u010cesk\u00e1 L\u00edpa, str. 14)<br>5. \u010dervna 2023 &#8211; <a rel=\"noreferrer noopener\" href=\"https:\/\/zpravodaj.munipolis.cz\/mestoduba\/cerven-2023\/\" target=\"_blank\">Mezin\u00e1rodn\u00ed sportovn\u00ed akce op\u011bt v Dub\u00e9<\/a> (Dub\u00e1\u010dek, str. 25)<br>21. \u010dervna 2023 &#8211; <a rel=\"noreferrer noopener\" href=\"https:\/\/www.kraj-lbc.cz\/aktuality\/po-dvou-letech-zazije-liberecky-kraj-opet-vrcholnou-mezinarodni-akci-v-orientacnim-behu-n1145853.htm\" target=\"_blank\">Po dvou letech za\u017eije Libereck\u00fd kraj op\u011bt vrcholnou mezin\u00e1rodn\u00ed akci v\u00a0orienta\u010dn\u00edm b\u011bhu<\/a> (Libereck\u00fd kraj)<br>21. \u010dervna 2023 &#8211; <a rel=\"noreferrer noopener\" href=\"https:\/\/liberecka.drbna.cz\/sport\/33177-svetovy-pohar-v-orientaku-probehne-v-libereckem-kraji-prijedou-zavodnici-z-triceti-zemi-sveta.html\" target=\"_blank\">Sv\u011btov\u00fd poh\u00e1r v orien\u0165\u00e1ku prob\u011bhne v Libereck\u00e9m kraji. P\u0159ijedou z\u00e1vodn\u00edci z t\u0159iceti zem\u00ed sv\u011bta<\/a>\u00a0(Libereck\u00e1 drbna)<br>21. \u010dervna 2023 &#8211; <a href=\"https:\/\/genus.cz\/sport\/ceska-lipa-a-kokorinsko-hosti-zavody-svetoveho-poharu-v-orientacnim-behu-prijede-300-borcu-z-30-zemi-sveta-nbsp-n573726.htm\" data-type=\"link\" data-id=\"https:\/\/genus.cz\/sport\/ceska-lipa-a-kokorinsko-hosti-zavody-svetoveho-poharu-v-orientacnim-behu-prijede-300-borcu-z-30-zemi-sveta-nbsp-n573726.htm\">\u010cesk\u00e1 L\u00edpa a Koko\u0159\u00ednsko host\u00ed z\u00e1vody Sv\u011btov\u00e9ho poh\u00e1ru v orienta\u010dn\u00edm b\u011bhu. P\u0159ijede 300 borc\u016f z 30 zem\u00ed sv\u011bta<\/a>\u00a0(Genus)<br>30. \u010dervna 2023 &#8211; <a href=\"https:\/\/mncl.cz\/assets\/File.ashx?id_org=200256&amp;id_dokumenty=1822\">Sv\u011btov\u00fd den orienta\u010dn\u00edho b\u011bhu<\/a> (M\u011bstsk\u00e9 noviny \u010cesk\u00e1 L\u00edpa, str. 16)<br>30. \u010dervna 2023 &#8211; <a href=\"https:\/\/mncl.cz\/assets\/File.ashx?id_org=200256&amp;id_dokumenty=1822\">\u010cesk\u00e1 L\u00edpa \u017eije orien\u0165\u00e1kem<\/a> (M\u011bstsk\u00e9 noviny \u010cesk\u00e1 L\u00edpa, str. 19)<br>4. \u010dervence 2023 &#8211; <a rel=\"noreferrer noopener\" href=\"https:\/\/www.svetbehu.cz\/svetova-spicka-v-orientacnim-behu-se-vraci-do-ceska\/\" target=\"_blank\">Sv\u011btov\u00e1 \u0161pi\u010dka v orienta\u010dn\u00edm b\u011bhu se vrac\u00ed do \u010ceska<\/a> (Sv\u011bt b\u011bhu)<br>2. \u010dervence 2023 &#8211; <a href=\"https:\/\/www.nasepojizeri.cz\/semilsko-aktualne\/po-dvou-letech-zazije-liberecky-kraj-velkou-akci-v-orientacnim-behu\/?aktualitaId=78666\" data-type=\"link\" data-id=\"https:\/\/www.nasepojizeri.cz\/semilsko-aktualne\/po-dvou-letech-zazije-liberecky-kraj-velkou-akci-v-orientacnim-behu\/?aktualitaId=78666\">Po dvou letech za\u017eije Libereck\u00fd kraj velkou akci v orienta\u010dn\u00edm b\u011bhu<\/a> (Na\u0161e Pojize\u0159\u00ed)<br>7. \u010dervence 2023 &#8211; <a rel=\"noreferrer noopener\" href=\"https:\/\/zpravodaj.munipolis.cz\/mestoduba\/cervenec-2023\/\" target=\"_blank\">Dub\u00e1 \u017eije orien\u0165\u00e1kem<\/a> (Dub\u00e1\u010dek, str. 32)<br>25. \u010dervence 2023 &#8211; <a href=\"https:\/\/www.mucl.cz\/v-terminu-2-a-3-srpna-probehne-v-ceske-lipe-svetovy-pohar-v-orientacnim-behu\/d-49577\" data-type=\"link\" data-id=\"https:\/\/www.mucl.cz\/v-terminu-2-a-3-srpna-probehne-v-ceske-lipe-svetovy-pohar-v-orientacnim-behu\/d-49577\">V term\u00ednu 2. a 3. srpna prob\u011bhne v \u010cesk\u00e9 L\u00edp\u011b Sv\u011btov\u00fd poh\u00e1r v orienta\u010dn\u00edm b\u011bhu<\/a>  (M\u011bsto \u010cesk\u00e1 L\u00edpa)<br>28. \u010dervence 2023 &#8211; <a rel=\"noreferrer noopener\" href=\"https:\/\/mncl.cz\/assets\/File.ashx?id_org=200256&amp;id_dokumenty=1827\" target=\"_blank\">Orienta\u010dn\u00ed b\u011bh: Odpo\u010d\u00edt\u00e1v\u00e1me posledn\u00ed dny do startu<\/a> (M\u011bstsk\u00e9 noviny \u010cesk\u00e1 L\u00edpa, str. 19)<br>31. \u010dervence 2023 &#8211; <a rel=\"noreferrer noopener\" href=\"https:\/\/www.denik.cz\/ostatni_sport\/orientacni-beh-ceska-lipa-svetovy-pohar-fanousci-televize.html\" target=\"_blank\">Sv\u00e1tek nejen ve skal\u00e1ch. \u010cesko host\u00ed Sv\u011btov\u00fd poh\u00e1r v orienta\u010dn\u00edm b\u011bhu<\/a> (denik.cz)<br>31. \u010dervence 2023 &#8211; <a href=\"https:\/\/ceskolipsky.denik.cz\/ostatni_region\/orientacni-beh-ceska-lipa-svetovy-pohar-fanousci-televize.html\" data-type=\"link\" data-id=\"https:\/\/ceskolipsky.denik.cz\/ostatni_region\/orientacni-beh-ceska-lipa-svetovy-pohar-fanousci-televize.html\">Omezen\u00ed i sv\u00e1tek ve skal\u00e1ch. \u010cesk\u00e1 L\u00edpa host\u00ed Sv\u011btov\u00fd poh\u00e1r v orienta\u010dn\u00edm b\u011bhu<\/a> (\u010ceskolipsk\u00fd den\u00edk)<br>31. \u010dervence 2023 &#8211; \u00a0<a rel=\"noreferrer noopener\" href=\"https:\/\/www.aktivtono.cz\/2023\/07\/31\/vsichni-spolecne-vydejte-se-na-ceskou-trat-svetoveho-poharu-v-orientacnim-behu-i-s-mistry-sveta\/\" target=\"_blank\">V\u0161ichni spole\u010dn\u011b. Vydejte se na \u010deskou tra\u0165 Sv\u011btov\u00e9ho poh\u00e1ru v orienta\u010dn\u00edm b\u011bhu i s mistry sv\u011bta<\/a> (AktivTono)<br>1. srpna 2023 &#8211; <a rel=\"noreferrer noopener\" href=\"https:\/\/www.svetbehu.cz\/zitra-zacina-druhe-kolo-svetoveho-poharu-v-orientacnim-behu\/\" target=\"_blank\">Z\u00edtra za\u010d\u00edn\u00e1 druh\u00e9 kolo Sv\u011btov\u00e9ho poh\u00e1ru v orienta\u010dn\u00edm b\u011bhu<\/a> (Sv\u011bt b\u011bhu)<br>1. srpna 2023 &#8211; <a rel=\"noreferrer noopener\" href=\"https:\/\/www.sportovnilisty.cz\/pozice-1-top\/orientacni-bezci-se-probehnou-s-mapou-a-s-buzolou-v-ramci-sp-ceskou-lipou-a-kokorinskem\/\" target=\"_blank\">Orienta\u010dn\u00ed b\u011b\u017eci se prob\u011bhnou s mapou a buzolou v r\u00e1mci SP \u010ceskou L\u00edpou a Koko\u0159\u00ednskem<\/a> (Sportovn\u00edListy.cz)<br>1. srpna 2023 &#8211; <a rel=\"noreferrer noopener\" href=\"https:\/\/run-magazine.cz\/nezarazene\/svetovy-pohar-v-orientacnim-behu-pokracuje-v-ceske-lipe\" target=\"_blank\">Sv\u011btov\u00fd poh\u00e1r v orienta\u010dn\u00edm b\u011bhu pokra\u010duje v \u010cesk\u00e9 L\u00edp\u011b<\/a> (www.run-magazine.cz)<br>2. srpna 2023 &#8211; <a href=\"https:\/\/ceskolipsky.denik.cz\/ostatni_region\/spickovi-orientacni-bezci-zahajili-v-lipe-svuj-prestizni-zavod-20230802.html\" data-type=\"link\" data-id=\"https:\/\/ceskolipsky.denik.cz\/ostatni_region\/spickovi-orientacni-bezci-zahajili-v-lipe-svuj-prestizni-zavod-20230802.html\">\u0160pi\u010dkov\u00ed orienta\u010dn\u00ed b\u011b\u017eci zah\u00e1jili v L\u00edp\u011b sv\u016fj presti\u017en\u00ed z\u00e1vod<\/a> (\u010ceskolipsk\u00fd den\u00edk)<br>2. srpna 2023 &#8211; <a href=\"https:\/\/sport.ceskatelevize.cz\/clanek\/ostatni\/zive-sp-v-orientacnim-behu-v-ceske-lipe\/64ca4834b923c8c51fe4f1eb\" data-type=\"link\" data-id=\"https:\/\/sport.ceskatelevize.cz\/clanek\/ostatni\/zive-sp-v-orientacnim-behu-v-ceske-lipe\/64ca4834b923c8c51fe4f1eb\">Dv\u011b velk\u00e1 p\u00f3dia. Start dom\u00e1c\u00edho SP zastihl orienta\u010dn\u00ed b\u011b\u017ece ve form\u011b<\/a> (\u010cT Sport)<br>2. srpna 2023 &#8211; <a href=\"https:\/\/www.denik.cz\/ostatni_sport\/zaludny-orientacni-zavod-v-ulicich-ceske-lipy-slavil-street-cesi-ohromili.html\" data-type=\"link\" data-id=\"https:\/\/www.denik.cz\/ostatni_sport\/zaludny-orientacni-zavod-v-ulicich-ceske-lipy-slavil-street-cesi-ohromili.html\">Z\u00e1ludn\u00fd orienta\u010dn\u00ed z\u00e1vod. V ulic\u00edch \u010cesk\u00e9 L\u00edpy slavil Street, \u010ce\u0161i ohromili<\/a> (den\u00edk.cz)<br>2. srpna 2023 &#8211; <a href=\"https:\/\/run-magazine.cz\/hlavni\/zavody\/uvodni-zavod-druheho-kola-svetoveho-poharu-v-orientacnim-behu-ovladli-ralph-street-a-tove-alexandersson\" data-type=\"link\" data-id=\"https:\/\/run-magazine.cz\/hlavni\/zavody\/uvodni-zavod-druheho-kola-svetoveho-poharu-v-orientacnim-behu-ovladli-ralph-street-a-tove-alexandersson\">\u00davodn\u00ed z\u00e1vod druh\u00e9ho kola Sv\u011btov\u00e9ho poh\u00e1ru v orienta\u010dn\u00edm b\u011bhu\u00a0 ovl\u00e1dli Ralph Street a Tove Alexandersson<\/a> (www.run-magazine.cz)<br>2. srpna 2023 &#8211; \ud83d\udcfa\u00a0<a href=\"https:\/\/www.ceskatelevize.cz\/porady\/15720182328-svetovy-pohar-v-orientacnim-behu-2023\/223471291282001\/\" data-type=\"link\" data-id=\"https:\/\/www.ceskatelevize.cz\/porady\/15720182328-svetovy-pohar-v-orientacnim-behu-2023\/223471291282001\/\">Z\u00e1vod v individu\u00e1ln\u00edm sprintu mu\u017e\u016f a \u017een<\/a> (\u010cT Sport)<br>3. srpna 2023 &#8211; <a href=\"https:\/\/o-news.cz\/sp-cesko-sprintovky-vydrena-druha-pozice\/\" data-type=\"link\" data-id=\"https:\/\/o-news.cz\/sp-cesko-sprintovky-vydrena-druha-pozice\/\">SP \u010cesko sprintovky: Vyd\u0159en\u00e1 druh\u00e1 pozice<\/a> (O-News.cz)<br>3. srpna 2023 &#8211; <a href=\"https:\/\/www.aktivtono.cz\/2023\/08\/03\/porazit-tak-svedy-skvele-stribro-pro-ceskou-stafetu-ve-svetovem-poharu-orientacnich-bezcu-v-ceske-lipe\/\" data-type=\"link\" data-id=\"https:\/\/www.aktivtono.cz\/2023\/08\/03\/porazit-tak-svedy-skvele-stribro-pro-ceskou-stafetu-ve-svetovem-poharu-orientacnich-bezcu-v-ceske-lipe\/\">Porazit tak \u0160v\u00e9dy\u2026 Skv\u011bl\u00e9 st\u0159\u00edbro pro \u010deskou \u0161tafetu ve sv\u011btov\u00e9m poh\u00e1ru orienta\u010dn\u00edch b\u011b\u017ec\u016f v \u010cesk\u00e9 L\u00edp\u011b<\/a> (AktivTono)<br>3. srpna 2023 &#8211; <a href=\"https:\/\/ceskolipsky.denik.cz\/ostatni_region\/neuveritelne-stribro-ze-sprintovych-stafet-cesi-rozjasali-ceskou-lipu-20230803.html\" data-type=\"link\" data-id=\"https:\/\/ceskolipsky.denik.cz\/ostatni_region\/neuveritelne-stribro-ze-sprintovych-stafet-cesi-rozjasali-ceskou-lipu-20230803.html\">Neuv\u011b\u0159iteln\u00e9 st\u0159\u00edbro ze sprintov\u00fdch \u0161tafet: \u010ce\u0161i rozj\u00e1sali \u010ceskou L\u00edpu<\/a> (\u010ceskolipsk\u00fd den\u00edk)<br>3. srpna 2023 &#8211; <a href=\"https:\/\/www.mncl.cz\/vismo\/dokumenty2.asp?id_org=200256&amp;id=1828&amp;n=ceska%2Dlipa%2Dzije%2Dorientakem%2Duvodni%2Dzavod%2Dovladli%2Dralph%2Dstreet%2Da%2Dtove%2Dalexandersson\" data-type=\"link\" data-id=\"https:\/\/www.mncl.cz\/vismo\/dokumenty2.asp?id_org=200256&amp;id=1828&amp;n=ceska%2Dlipa%2Dzije%2Dorientakem%2Duvodni%2Dzavod%2Dovladli%2Dralph%2Dstreet%2Da%2Dtove%2Dalexandersson\">\u010cesk\u00e1 L\u00edpa \u017eije orien\u0165\u00e1kem, \u00favodn\u00ed z\u00e1vod ovl\u00e1dli Ralph Street a Tove Alexandersson<\/a> (M\u011bstsk\u00e9 noviny \u010cesk\u00e1 L\u00edpa)<br>3. srpna 2023 &#8211; <a href=\"https:\/\/sport.ceskatelevize.cz\/clanek\/ostatni\/orientacni-bezci-se-blyskli-ve-stafete-dobehli-stribrni\/64cb916ab923c8c51f22ad81\" data-type=\"link\" data-id=\"https:\/\/sport.ceskatelevize.cz\/clanek\/ostatni\/orientacni-bezci-se-blyskli-ve-stafete-dobehli-stribrni\/64cb916ab923c8c51f22ad81\">Orienta\u010dn\u00ed b\u011b\u017eci se bl\u00fdskli ve \u0161tafet\u011b. Dob\u011bhli st\u0159\u00edbrn\u00ed<\/a> (\u010cT Sport)<br>3. srpna 2023 &#8211; <a href=\"https:\/\/run-magazine.cz\/hlavni\/zavody\/cesky-tym-v-senzacni-domaci-atmosfere-vybojoval-stribrnou-medaili-historicky-nejlepsi-vysledek-ve-sprintovych-stafetach\" data-type=\"link\" data-id=\"https:\/\/run-magazine.cz\/hlavni\/zavody\/cesky-tym-v-senzacni-domaci-atmosfere-vybojoval-stribrnou-medaili-historicky-nejlepsi-vysledek-ve-sprintovych-stafetach\">\u010cesk\u00fd t\u00fdm v senza\u010dn\u00ed dom\u00e1c\u00ed atmosf\u00e9\u0159e vybojoval st\u0159\u00edbrnou medaili \u2013\u00a0historicky nejlep\u0161\u00ed v\u00fdsledek ve sprintov\u00fdch \u0161tafet\u00e1ch<\/a>\u00a0(www.run-magazine.cz)<br>3. srpna 2023 &#8211; <a href=\"https:\/\/www.svetbehu.cz\/uvodni-zavod-druheho-kola-svetoveho-poharu-v-orientacnim-behu-ovladli-ralph-street-a-tove-alexandersson\/\" data-type=\"link\" data-id=\"https:\/\/www.svetbehu.cz\/uvodni-zavod-druheho-kola-svetoveho-poharu-v-orientacnim-behu-ovladli-ralph-street-a-tove-alexandersson\/\">\u00davodn\u00ed z\u00e1vod druh\u00e9ho kola Sv\u011btov\u00e9ho poh\u00e1ru v orienta\u010dn\u00edm b\u011bhu\u00a0ovl\u00e1dli Ralph Street a Tove Alexandersson<\/a> (Sv\u011bt b\u011bhu)<br>3. srpna 2023 &#8211; \ud83d\udcfa\u00a0<a href=\"https:\/\/www.ceskatelevize.cz\/porady\/15720182328-svetovy-pohar-v-orientacnim-behu-2023\/223471291282006\/\" data-type=\"link\" data-id=\"https:\/\/www.ceskatelevize.cz\/porady\/15720182328-svetovy-pohar-v-orientacnim-behu-2023\/223471291282006\/\">Z\u00e1vod sprintov\u00fdch \u0161tafet<\/a> (\u010cT Sport)<br>3. srpna 2023 &#8211; \ud83d\udcfa <a href=\"https:\/\/www.rtmplus.cz\/video\/25698\/ceska-lipa-privitala-orientacni-bezce-ze-30-zemi.html\" data-type=\"link\" data-id=\"https:\/\/www.rtmplus.cz\/video\/25698\/ceska-lipa-privitala-orientacni-bezce-ze-30-zemi.html\">\u010cesk\u00e1 L\u00edpa p\u0159iv\u00edtala orienta\u010dn\u00ed b\u011b\u017ece ze 30 zem\u00ed<\/a> (rtm+)<br>4. srpna 2023 &#8211; <a href=\"https:\/\/liberecka.drbna.cz\/sport\/33558-uspech-ceske-stafety-na-svetovem-poharu-v-ceske-lipe-ziskala-historicke-stribro.html\" data-type=\"link\" data-id=\"https:\/\/liberecka.drbna.cz\/sport\/33558-uspech-ceske-stafety-na-svetovem-poharu-v-ceske-lipe-ziskala-historicke-stribro.html\">\u00dasp\u011bch \u010desk\u00e9 \u0161tafety na Sv\u011btov\u00e9m poh\u00e1ru v \u010cesk\u00e9 L\u00edp\u011b. Z\u00edskala historick\u00e9 st\u0159\u00edbro<\/a>\u00a0(Libereck\u00e1 drbna)<br>4. srpna 2023 &#8211; <a href=\"https:\/\/www.mncl.cz\/vismo\/dokumenty2.asp?id_org=200256&amp;id=1829&amp;n=cesky%2Dtym%2Dv%2Dsenzacni%2Dceskolipske%2Datmosfere%2Dvybojoval%2Dstribrnou%2Dmedaili%2Dhistoricky%2Dnejlepsi%2Dvysledek%2Dve%2Dsprintovych%2Dstafetach\" data-type=\"link\" data-id=\"https:\/\/www.mncl.cz\/vismo\/dokumenty2.asp?id_org=200256&amp;id=1829&amp;n=cesky%2Dtym%2Dv%2Dsenzacni%2Dceskolipske%2Datmosfere%2Dvybojoval%2Dstribrnou%2Dmedaili%2Dhistoricky%2Dnejlepsi%2Dvysledek%2Dve%2Dsprintovych%2Dstafetach\">\u010cesk\u00fd t\u00fdm v senza\u010dn\u00ed \u010deskolipsk\u00e9 atmosf\u00e9\u0159e vybojoval st\u0159\u00edbrnou medaili &#8211; historicky nejlep\u0161\u00ed v\u00fdsledek ve sprintov\u00fdch \u0161tafet\u00e1ch<\/a> (M\u011bstsk\u00e9 noviny \u010cesk\u00e1 L\u00edpa)<br>4. srpna 2023 &#8211; <a href=\"https:\/\/www.denik.cz\/ostatni_sport\/gemperleova-valka-rusko-svycarsko-orientacni-beh.html\" data-type=\"link\" data-id=\"https:\/\/www.denik.cz\/ostatni_sport\/gemperleova-valka-rusko-svycarsko-orientacni-beh.html\">C\u00edt\u00edm bolest, \u0159ekla hv\u011bzda z Ruska. P\u0159ijela do \u010ceska, jin\u00ed skon\u010dili ve v\u011bzen\u00ed<\/a> (den\u00edk.cz)<br>5. srpna 2023 &#8211; <a href=\"https:\/\/run-magazine.cz\/hlavni\/zavody\/alexandersson-a-bonek-nejrychlejsi-v-piskovcovem-labyrintu-na-kokorinsku\" data-type=\"link\" data-id=\"https:\/\/run-magazine.cz\/hlavni\/zavody\/alexandersson-a-bonek-nejrychlejsi-v-piskovcovem-labyrintu-na-kokorinsku\">Alexandersson a Bonek nejrychlej\u0161\u00ed v p\u00edskovcov\u00e9m labyrintu na Koko\u0159\u00ednsku<\/a>\u00a0(www.run-magazine.cz)<br>5. srpna 2023 &#8211; <a href=\"https:\/\/o-news.cz\/sp-cesko-middle-terka-janosikova-v-top6\/\" data-type=\"link\" data-id=\"https:\/\/o-news.cz\/sp-cesko-middle-terka-janosikova-v-top6\/\">SP \u010cesko Middle: Terka Jano\u0161\u00edkov\u00e1 v\u00a0TOP6<\/a> (O-News.cz)<br>5. srpna 2023 &#8211; <a href=\"https:\/\/sport.ceskatelevize.cz\/clanek\/ostatni\/kratkou-trat-si-podmanil-bonek-s-alexanderssonovou-janosikova-dobehla-sesta\/64ce5871b923c8c51fc1f53b\" data-type=\"link\" data-id=\"https:\/\/sport.ceskatelevize.cz\/clanek\/ostatni\/kratkou-trat-si-podmanil-bonek-s-alexanderssonovou-janosikova-dobehla-sesta\/64ce5871b923c8c51fc1f53b\">Kr\u00e1tkou tra\u0165 si podmanil Bonek s Alexanderssonovou. Jano\u0161\u00edkov\u00e1 dob\u011bhla \u0161est\u00e1<\/a> (\u010cT Sport)<br>5. srpna 2023 &#8211; \ud83d\udcfa\u00a0<a href=\"https:\/\/www.ceskatelevize.cz\/porady\/15720182328-svetovy-pohar-v-orientacnim-behu-2023\/223471291282007\/\" data-type=\"link\" data-id=\"https:\/\/www.ceskatelevize.cz\/porady\/15720182328-svetovy-pohar-v-orientacnim-behu-2023\/223471291282007\/\">Z\u00e1vod na kr\u00e1tk\u00e9 trati<\/a> (\u010cT Sport)<br>5. srpna 2023 &#8211; <a href=\"https:\/\/mocr.army.cz\/informacni-servis\/zpravodajstvi\/armada-neni-nicim-bez-podpory-pripravenych-obcanu--resort-obrany-rozjizdi-spolupraci-s-orientacnimi-bezci-245538\/\" data-type=\"link\" data-id=\"https:\/\/mocr.army.cz\/informacni-servis\/zpravodajstvi\/armada-neni-nicim-bez-podpory-pripravenych-obcanu--resort-obrany-rozjizdi-spolupraci-s-orientacnimi-bezci-245538\/\">Arm\u00e1da nen\u00ed ni\u010d\u00edm bez podpory p\u0159ipraven\u00fdch ob\u010dan\u016f. Resort obrany rozj\u00ed\u017ed\u00ed spolupr\u00e1ci s orienta\u010dn\u00edmi b\u011b\u017eci<\/a> (Ministerstvo obrany \u010cR)<br>6. srpna 2023 &#8211; <a href=\"https:\/\/www.svetbehu.cz\/alexandersson-a-bonek-nejrychlejsi-v-piskovcovem-labyrintu-na-kokorinsku\/\" data-type=\"link\" data-id=\"https:\/\/www.svetbehu.cz\/alexandersson-a-bonek-nejrychlejsi-v-piskovcovem-labyrintu-na-kokorinsku\/\">Alexandersson a Bonek nejrychlej\u0161\u00ed v p\u00edskovcov\u00e9m labyrintu na Koko\u0159\u00ednsku<\/a> (Sv\u011bt b\u011bhu)<br>6. srpna 2023 &#8211; \ud83d\udcfa <a href=\"https:\/\/www.ceskatelevize.cz\/porady\/15720182328-svetovy-pohar-v-orientacnim-behu-2023\/223471291282008\/\" data-type=\"link\" data-id=\"https:\/\/www.ceskatelevize.cz\/porady\/15720182328-svetovy-pohar-v-orientacnim-behu-2023\/223471291282008\/\">Z\u00e1vod na klasice<\/a> (\u010cT Sport)<br>7. srpna 2023 &#8211; <a href=\"https:\/\/liberecka.drbna.cz\/sport\/33580-na-kratke-trati-sampionatu-orientaku-si-nejlepe-vedl-rakusan-a-svedove.html\" data-type=\"link\" data-id=\"https:\/\/liberecka.drbna.cz\/sport\/33580-na-kratke-trati-sampionatu-orientaku-si-nejlepe-vedl-rakusan-a-svedove.html\">Na kr\u00e1tk\u00e9 trati \u0161ampion\u00e1tu orien\u0165\u00e1ku si nejl\u00e9pe vedl Raku\u0161an a \u0160v\u00e9dov\u00e9<\/a>\u00a0(Libereck\u00e1 drbna)<br>7. srpna 2023 &#8211; <a href=\"https:\/\/ceskolipsky.denik.cz\/ostatni_region\/svetova-elita-behala-po-kokorinsku-krivda-skoncil-tesne-pod-stupni-vitezu-2023.html\" data-type=\"link\" data-id=\"https:\/\/ceskolipsky.denik.cz\/ostatni_region\/svetova-elita-behala-po-kokorinsku-krivda-skoncil-tesne-pod-stupni-vitezu-2023.html\">Sv\u011btov\u00e1 elita b\u011bhala po Koko\u0159\u00ednsku. K\u0159ivda skon\u010dil t\u011bsn\u011b pod stupni v\u00edt\u011bz\u016f<\/a> (\u010ceskolipsk\u00fd den\u00edk)<br>8. srpna 2023 &#8211; <a href=\"https:\/\/www.svetbehu.cz\/zlaty-hattrick-pro-alexandersson-krivda-opet-ctvrty\/\" data-type=\"link\" data-id=\"https:\/\/www.svetbehu.cz\/zlaty-hattrick-pro-alexandersson-krivda-opet-ctvrty\/\">Zlat\u00fd hattrick pro Alexandersson, K\u0159ivda op\u011bt \u010dtvrt\u00fd<\/a> (Sv\u011bt b\u011bhu)<br>8. srpna 2023 &#8211; <a href=\"https:\/\/www.aktivtono.cz\/2023\/08\/08\/orientacni-klasika-mezi-skalami-a-v-desti-krivda-dobehl-ctvrty\/\" data-type=\"link\" data-id=\"https:\/\/www.aktivtono.cz\/2023\/08\/08\/orientacni-klasika-mezi-skalami-a-v-desti-krivda-dobehl-ctvrty\/\">Orienta\u010dn\u00ed klasika mezi skalami a v\u00a0de\u0161ti. K\u0159ivda dob\u011bhl mezi sv\u011btovou elitou \u010dtvrt\u00fd<\/a> (AktivTono)<br>14. srpna 2023 &#8211; \ud83d\udcfa <a href=\"https:\/\/www.youtube.com\/watch?v=MuXS-4XjZI4\" data-type=\"link\" data-id=\"https:\/\/www.youtube.com\/watch?v=MuXS-4XjZI4\">Sv\u011btov\u00fd poh\u00e1r v orienta\u010dn\u00edm b\u011bhu<\/a> (\u010ceskolipsk\u00fd magaz\u00edn, rtm+)<br>16. srpna 2023 &#8211; \ud83c\udfa4 <a href=\"https:\/\/o-news.cz\/podcast-ohlasy-a-pribehy-domaciho-svetaku\/\" data-type=\"link\" data-id=\"https:\/\/o-news.cz\/podcast-ohlasy-a-pribehy-domaciho-svetaku\/\">Podcast: Ohlasy a p\u0159\u00edb\u011bhy dom\u00e1c\u00edho Sv\u011b\u0165\u00e1ku<\/a> (O-News.cz)<\/p>\n\n\n\n<p><\/p>\n","protected":false},"excerpt":{"rendered":"<p>14. z\u00e1\u0159\u00ed 2022 &#8211; 23 zaj\u00edmavost\u00ed o SP 2023 v\u00a0\u010cesku: kdy, kde, co a jak (O-News.cz)29. z\u00e1\u0159\u00ed 2022 &#8211; P\u0159ipravuje se Sv\u011btov\u00fd poh\u00e1r v orienta\u010dn\u00edm b\u011bhu na \u010ceskolipsku: 4 z\u00e1vody pro elitu i hob\u00edky\u00a0 (www.run-magazine.cz)4. \u0159\u00edjna 2022 &#8211; \u010cesk\u00e1 L\u00edpa a M\u00e1ch\u016fv kraj budou za rok hostit orienta\u010dn\u00ed b\u011b\u017ece z [&hellip;]<\/p>\n","protected":false},"author":1,"featured_media":0,"parent":148,"menu_order":0,"comment_status":"closed","ping_status":"closed","template":"","meta":{"_mi_skip_tracking":false,"_monsterinsights_sitenote_active":false,"_monsterinsights_sitenote_note":"","_monsterinsights_sitenote_category":0,"footnotes":""},"class_list":["post-436","page","type-page","status-publish","hentry"],"_links":{"self":[{"href":"https:\/\/www.wcup.cz\/2023\/wp-json\/wp\/v2\/pages\/436","targetHints":{"allow":["GET"]}}],"collection":[{"href":"https:\/\/www.wcup.cz\/2023\/wp-json\/wp\/v2\/pages"}],"about":[{"href":"https:\/\/www.wcup.cz\/2023\/wp-json\/wp\/v2\/types\/page"}],"author":[{"embeddable":true,"href":"https:\/\/www.wcup.cz\/2023\/wp-json\/wp\/v2\/users\/1"}],"replies":[{"embeddable":true,"href":"https:\/\/www.wcup.cz\/2023\/wp-json\/wp\/v2\/comments?post=436"}],"version-history":[{"count":0,"href":"https:\/\/www.wcup.cz\/2023\/wp-json\/wp\/v2\/pages\/436\/revisions"}],"up":[{"embeddable":true,"href":"https:\/\/www.wcup.cz\/2023\/wp-json\/wp\/v2\/pages\/148"}],"wp:attachment":[{"href":"https:\/\/www.wcup.cz\/2023\/wp-json\/wp\/v2\/media?parent=436"}],"curies":[{"name":"wp","href":"https:\/\/api.w.org\/{rel}","templated":true}]}}