{"id":447,"date":"2022-12-06T11:39:29","date_gmt":"2022-12-06T10:39:29","guid":{"rendered":"https:\/\/www.wcup.cz\/?page_id=447"},"modified":"2025-02-16T10:57:21","modified_gmt":"2025-02-16T09:57:21","slug":"zakladni-informace","status":"publish","type":"page","link":"https:\/\/www.wcup.cz\/2023\/zakladni-informace\/","title":{"rendered":"Z\u00e1kladn\u00ed informace"},"content":{"rendered":"\n<p>\u010cesk\u00e1 L\u00edpa bude v term\u00ednu 2.\u20136. srpna 2023 hostit 2. kolo Sv\u011btov\u00e9ho poh\u00e1ru v orienta\u010dn\u00edm b\u011bhu. Po\u0159adatelem je \u010cesk\u00fd svaz orienta\u010dn\u00edch sport\u016f spolu se zhruba 200 dobrovoln\u00edk\u016f. Prvn\u00ed dva z\u00e1vody Sv\u011btov\u00e9ho poh\u00e1ru se uskute\u010dn\u00ed p\u0159\u00edmo v \u010cesk\u00e9 L\u00edp\u011b, dal\u0161\u00ed dva z\u00e1vody se pak budou konat v lesn\u00edch ter\u00e9nech Koko\u0159\u00ednska. Vstupn\u00e9 na v\u0161echny z\u00e1vody je zdarma.<\/p>\n\n\n\n<figure class=\"wp-block-image size-large\"><img decoding=\"async\" src=\"https:\/\/www.wcup.cz\/wp-content\/uploads\/2023\/01\/all_together-1024x379.jpg\" alt=\"\" class=\"wp-image-573\"\/><\/figure>\n\n\n\n<h1 class=\"wp-block-heading\"><strong>Program<\/strong><\/h1>\n\n\n\n<h4 class=\"wp-block-heading\">St\u0159eda 2. srpna 2023 (M\u011bstsk\u00fd park \u010cesk\u00e1 L\u00edpa &#8211; sprint)<\/h4>\n\n\n\n<ul class=\"wp-block-list\">\n<li>12:00 Ar\u00e9na z\u00e1vodu otev\u0159ena<\/li>\n\n\n\n<li>14:10 Start z\u00e1vodu<\/li>\n\n\n\n<li>16:45-17:15 Vyvrcholen\u00ed z\u00e1vodu mu\u017e\u016f<\/li>\n\n\n\n<li>17:45-18:15 Vyvrcholen\u00ed z\u00e1vodu \u017een<\/li>\n\n\n\n<li>18:25 Kv\u011btinov\u00fd ceremoni\u00e1l<\/li>\n\n\n\n<li>19:00 Zahajovac\u00ed + prize giving ceremoni\u00e1l<\/li>\n<\/ul>\n\n\n\n<h4 class=\"wp-block-heading\">\u010ctvrtek 3. srpna 2023 (M\u011bstsk\u00fd park \u010cesk\u00e1 L\u00edpa &#8211; sprintov\u00e9 \u0161tafety)<\/h4>\n\n\n\n<ul class=\"wp-block-list\">\n<li>12:30 Ar\u00e9na z\u00e1vodu otev\u0159ena<\/li>\n\n\n\n<li>14:30 Start z\u00e1vodu pro ve\u0159ejnost Czech O-Tour (E1 &#8211; sprint)<\/li>\n\n\n\n<li>17:15 Start z\u00e1vodu<\/li>\n\n\n\n<li>18:00 Vyvrcholen\u00ed z\u00e1vodu<\/li>\n\n\n\n<li>18:25 Kv\u011btinov\u00fd ceremoni\u00e1l<\/li>\n\n\n\n<li>19:00 Prize giving ceremoni\u00e1l<\/li>\n\n\n\n<li>19:15 Czech O-Tour vyhl\u00e1\u0161en\u00ed v\u00edt\u011bz\u016f (E1 &#8211; sprint)<\/li>\n<\/ul>\n\n\n\n<h4 class=\"wp-block-heading\">P\u00e1tek 4. srpna 2023 (voln\u00fd den)<\/h4>\n\n\n\n<ul class=\"wp-block-list\">\n<li>10:00 Start z\u00e1vodu pro ve\u0159ejnost Czech O-Tour (E2 &#8211; kr\u00e1tk\u00e1 tra\u0165, autokemp Nedamov)<\/li>\n\n\n\n<li>15:00 Czech O-Tour vyhl\u00e1\u0161en\u00ed v\u00edt\u011bz\u016f (E2 &#8211; kr\u00e1tk\u00e1 tra\u0165)<\/li>\n<\/ul>\n\n\n\n<h4 class=\"wp-block-heading\">Sobota 5. srpna 2023 (Korce &#8211; kr\u00e1tk\u00e1 tra\u0165)<\/h4>\n\n\n\n<ul class=\"wp-block-list\">\n<li>7:30 Ar\u00e9na z\u00e1vodu otev\u0159ena<\/li>\n\n\n\n<li>8:30 Start z\u00e1vodu \u017een<\/li>\n\n\n\n<li>10:00 Start z\u00e1vodu mu\u017e\u016f<\/li>\n\n\n\n<li>12:30-13:30 Vyvrcholen\u00ed z\u00e1vodu \u017een<\/li>\n\n\n\n<li>14:15-15:15 Vyvrcholen\u00ed z\u00e1vodu mu\u017e\u016f<\/li>\n\n\n\n<li>15:25 Kv\u011btinov\u00fd ceremoni\u00e1l<\/li>\n\n\n\n<li>16:00 Prize giving ceremoni\u00e1l<\/li>\n\n\n\n<li>16:00 Start z\u00e1vodu pro ve\u0159ejnost Czech O-Tour (E3 &#8211; kr\u00e1tk\u00e1 tra\u0165)<\/li>\n\n\n\n<li>19:30 Czech O-Tour vyhl\u00e1\u0161en\u00ed v\u00edt\u011bz\u016f (E3 &#8211; kr\u00e1tk\u00e1 tra\u0165)<\/li>\n<\/ul>\n\n\n\n<h4 class=\"wp-block-heading\">Ned\u011ble 6. srpna 2023 (Korce &#8211; klasick\u00e1 tra\u0165)<\/h4>\n\n\n\n<ul class=\"wp-block-list\">\n<li>7:30 Ar\u00e9na z\u00e1vodu otev\u0159ena<\/li>\n\n\n\n<li>8:35 Start z\u00e1vodu mu\u017e\u016f<\/li>\n\n\n\n<li>9:00 Start z\u00e1vodu \u017een<\/li>\n\n\n\n<li>10:00 Start z\u00e1vodu pro ve\u0159ejnost Czech O-Tour (E4 &#8211; klasick\u00e1 tra\u0165)<\/li>\n\n\n\n<li>12:00-13:00 Vyvrcholen\u00ed z\u00e1vodu \u017een<\/li>\n\n\n\n<li>14:15-15:15 Vyvrcholen\u00ed z\u00e1vodu mu\u017e\u016f<\/li>\n\n\n\n<li>15:25 Kv\u011btinov\u00fd ceremoni\u00e1l<\/li>\n\n\n\n<li>15:50 Zakon\u010dovac\u00ed ceremoni\u00e1l, prize giving ceremoni\u00e1l<\/li>\n\n\n\n<li>16:15 Czech O-Tour vyhl\u00e1\u0161en\u00ed v\u00edt\u011bz\u016f (E4 &#8211; klasick\u00e1 tra\u0165)<\/li>\n<\/ul>\n\n\n\n<h1 class=\"wp-block-heading\">Parkov\u00e1n\u00ed a ar\u00e9na<\/h1>\n\n\n\n<h4 class=\"wp-block-heading\"><strong>\u010cesk\u00e1 L\u00edpa<\/strong><\/h4>\n\n\n\n<ul class=\"wp-block-list\">\n<li>Ar\u00e9na: M\u011bstsk\u00fd park \u010cesk\u00e1 L\u00edpa&nbsp;(GPS: <a href=\"https:\/\/mapy.cz\/s\/pesuranesu\">50.6902425N, 14.5360647E<\/a>)<\/li>\n\n\n\n<li>P1: parkovi\u0161t\u011b u atletick\u00e9ho stadionu (GPS: <a href=\"https:\/\/mapy.cz\/s\/jemuherelo\">50.6828828N, 14.5308156E<\/a>)&nbsp;<\/li>\n\n\n\n<li>P2: parkovi\u0161t\u011b \u010cesk\u00e1 L\u00edpa sever (GPS: <a href=\"https:\/\/mapy.cz\/s\/palejusale\">50.6975544N, 14.5408164E<\/a>)<\/li>\n\n\n\n<li>P3: parkovi\u0161t\u011b za zimn\u00edm stadionem \u010cesk\u00e1 L\u00edpa (GPS: <a href=\"https:\/\/mapy.cz\/s\/levarupota\">50.6821567N, 14.5407919E<\/a>)<\/li>\n<\/ul>\n\n\n<div class=\"wp-block-image\">\n<figure class=\"aligncenter size-large is-resized\"><a href=\"https:\/\/www.wcup.cz\/wp-content\/uploads\/2023\/07\/E1-planek-parkovani-CZ-scaled.jpg\"><img decoding=\"async\" src=\"https:\/\/www.wcup.cz\/wp-content\/uploads\/2023\/07\/E1-planek-parkovani-CZ-1024x990.jpg\" alt=\"\" class=\"wp-image-989\" style=\"width:512px;height:495px\"\/><\/a><\/figure><\/div>\n\n<div class=\"wp-block-image\">\n<figure class=\"aligncenter size-full is-resized\"><a href=\"https:\/\/www.wcup.cz\/wp-content\/uploads\/2023\/07\/E1-Ceska-Lipa-planek-CZ-scaled.jpg\"><img decoding=\"async\" src=\"https:\/\/www.wcup.cz\/wp-content\/uploads\/2023\/07\/E1-Ceska-Lipa-planek-CZ.jpg\" alt=\"\" class=\"wp-image-1105\" style=\"width:459px;height:322px\"\/><\/a><\/figure><\/div>\n\n\n<h4 class=\"wp-block-heading\"><strong>Korce<\/strong><\/h4>\n\n\n\n<ul class=\"wp-block-list\">\n<li>Ar\u00e9na: louka u Korc\u016f (GPS: <a href=\"https:\/\/mapy.cz\/s\/bopotafeje\">50.5364275N, 14.5943806E<\/a>)<\/li>\n\n\n\n<li>Parkov\u00e1n\u00ed: na louk\u00e1ch v bl\u00edzkosti ar\u00e9ny z\u00e1vodu (GPS: <a href=\"https:\/\/mapy.cz\/s\/kusedavobu\">50.5371775N, 14.5946517E<\/a>), volte p\u0159\u00edjezd na parkovi\u0161t\u011b ve sm\u011bru od Dub\u00e9 (od z\u00e1padu).<\/li>\n<\/ul>\n\n\n<div class=\"wp-block-image\">\n<figure class=\"aligncenter size-large is-resized\"><a href=\"https:\/\/www.wcup.cz\/wp-content\/uploads\/2023\/07\/E34-planek-parkovani-CZ-scaled.jpg\"><img decoding=\"async\" src=\"https:\/\/www.wcup.cz\/wp-content\/uploads\/2023\/07\/E34-planek-parkovani-CZ-1024x596.jpg\" alt=\"\" class=\"wp-image-1106\" style=\"width:512px;height:298px\"\/><\/a><\/figure><\/div>\n\n<div class=\"wp-block-image\">\n<figure class=\"aligncenter size-large is-resized\"><a href=\"https:\/\/www.wcup.cz\/wp-content\/uploads\/2023\/07\/E34-Korce-planek-CZ-scaled.jpg\"><img decoding=\"async\" src=\"https:\/\/www.wcup.cz\/wp-content\/uploads\/2023\/07\/E34-Korce-planek-CZ-1024x720.jpg\" alt=\"\" class=\"wp-image-1107\" style=\"width:512px;height:360px\"\/><\/a><\/figure><\/div>\n\n\n<h2 class=\"wp-block-heading\">\u010ce\u0161i na startu<\/h2>\n\n\n<div class=\"wp-block-image\">\n<figure class=\"aligncenter size-full is-resized\"><img fetchpriority=\"high\" decoding=\"async\" width=\"777\" height=\"777\" src=\"https:\/\/www.wcup.cz\/wp-content\/uploads\/2023\/07\/nom.png\" alt=\"\" class=\"wp-image-990\" style=\"width:583px;height:583px\" srcset=\"https:\/\/www.wcup.cz\/2023\/wp-content\/uploads\/sites\/3\/2023\/07\/nom.png 777w, https:\/\/www.wcup.cz\/2023\/wp-content\/uploads\/sites\/3\/2023\/07\/nom-300x300.png 300w, https:\/\/www.wcup.cz\/2023\/wp-content\/uploads\/sites\/3\/2023\/07\/nom-150x150.png 150w, https:\/\/www.wcup.cz\/2023\/wp-content\/uploads\/sites\/3\/2023\/07\/nom-768x768.png 768w\" sizes=\"(max-width: 777px) 100vw, 777px\" \/><\/figure><\/div>\n\n\n<h2 class=\"wp-block-heading\">Doprovodn\u00fd program<\/h2>\n\n\n\n<p><strong>Sporticus labyrint<\/strong><\/p>\n\n\n\n<p>V ar\u00e9n\u011b \u010cesk\u00e1 L\u00edpa a Korce bude a\u017e do doby 15 min p\u0159ed vyhl\u00e1\u0161en\u00edm v\u00fdsledk\u016f dan\u00e9ho dne. \u010cek\u00e1 na v\u00e1s n\u011bkolik trat\u00ed orien\u0165\u00e1ck\u00e9ho Sporticus labyrintu. V\u0161ichni \u00fa\u010dastn\u00edci z\u00edsk\u00e1vaj\u00ed speci\u00e1ln\u00ed slevu na n\u00e1kup orien\u0165\u00e1ck\u00fdch podkolenek.&nbsp;<\/p>\n\n\n\n<p><strong>Autogrami\u00e1da reprezentant\u016f ASC Dukla<\/strong><\/p>\n\n\n\n<p>Ve \u010dtvrtek po dob\u011bhnut\u00ed z\u00e1vodu se m\u016f\u017eete zastavit ve st\u00e1nku ASC Dukla, kde na v\u00e1s budou p\u0159ipraveni na\u0161i reprezentanti. Z\u00edsk\u00e1te podpis ode v\u0161ech? P\u0159ipraveny samoz\u0159ejm\u011b budou podpisov\u00e9 karti\u010dky!<\/p>\n\n\n\n<p><strong>Testov\u00e1n\u00ed obuvi<\/strong><\/p>\n\n\n\n<p>V O-RUN st\u00e1nku bude od p\u00e1tku do ned\u011ble etapy mo\u017enost si zap\u016fj\u010dit zdarma (do vy\u010derp\u00e1n\u00ed z\u00e1sob) na tv\u016fj z\u00e1vod k otestov\u00e1n\u00ed \u0161puntovky Bagheera Feral. Nenech si uj\u00edt tuto jedine\u010dnou \u0161anci.&nbsp;&nbsp;<\/p>\n\n\n\n<p><strong>OB-ch\u016fdek a orien\u0165\u00e1ck\u00fd baz\u00e1rek<\/strong><\/p>\n\n\n\n<p>St\u00e1nek <a href=\"https:\/\/shop.orientacnisporty.cz\/\">OB-ch\u016fdku \u010cesk\u00e9ho orien\u0165\u00e1ku<\/a> bude otev\u0159en na v\u0161ech z\u00e1vodech, nakoupit m\u016f\u017eete ji\u017e te\u010f s osobn\u00edm p\u0159evzet\u00edm (napi\u0161 v pozn\u00e1mce). V r\u00e1mci <a href=\"https:\/\/o-tour.cz\/2023\/07\/orientacky-bazarek-pri-kwak-czech-o-tour\/\">O-bazaru<\/a> m\u016f\u017eete o v\u00edkendu nab\u00eddnout sv\u00e9 sportovn\u00ed vybaven\u00ed nebo nakoupit nov\u00e9.<\/p>\n\n\n\n<p><strong>Ob\u010derstven\u00ed<\/strong><\/p>\n\n\n\n<p>V ar\u00e9n\u011b v\u0161ech z\u00e1vod\u016f na v\u00e1s \u010dekaj\u00ed pochoutky v\u0161eho druhu &#8211; hamburgery z grilu, vegetari\u00e1nsk\u00e1 j\u00eddla nebo t\u0159eba v\u00fdborn\u00e1 k\u00e1va a region\u00e1ln\u00ed pivo Konr\u00e1d. P\u0159ineste si vlastn\u00ed kel\u00edmek, p\u0159\u00edbor \u010di krabi\u010dku.<\/p>\n\n\n<div class=\"wp-block-image\">\n<figure class=\"aligncenter size-full is-resized\"><img decoding=\"async\" width=\"1024\" height=\"768\" src=\"https:\/\/www.wcup.cz\/wp-content\/uploads\/2023\/07\/labyrint.jpg\" alt=\"\" class=\"wp-image-992\" style=\"width:512px;height:384px\" srcset=\"https:\/\/www.wcup.cz\/2023\/wp-content\/uploads\/sites\/3\/2023\/07\/labyrint.jpg 1024w, https:\/\/www.wcup.cz\/2023\/wp-content\/uploads\/sites\/3\/2023\/07\/labyrint-300x225.jpg 300w, https:\/\/www.wcup.cz\/2023\/wp-content\/uploads\/sites\/3\/2023\/07\/labyrint-768x576.jpg 768w\" sizes=\"(max-width: 1024px) 100vw, 1024px\" \/><\/figure><\/div>\n\n\n<h2 class=\"wp-block-heading\">Televizn\u00ed p\u0159enosy<\/h2>\n\n\n\n<ul class=\"wp-block-list\">\n<li>2. srpna Sprint 15:55-18:30 (<a rel=\"noreferrer noopener\" href=\"https:\/\/orienteering.sport\/event\/orienteering-world-cup-round-2\/welcome\/\" target=\"_blank\">IOF live<\/a>, \u017eiv\u011b na webu \u010cT sport plus, <a rel=\"noreferrer noopener\" href=\"https:\/\/www.ceskatelevize.cz\/porady\/15720182328-svetovy-pohar-v-orientacnim-behu\/223471291282001\/\" target=\"_blank\">\u010cT sport<\/a> p\u0159\u00edm\u00fd p\u0159enos od 15:55)<\/li>\n\n\n\n<li>3. srpna Sprintov\u00e9 \u0161tafety 17:00-18:30 (<a rel=\"noreferrer noopener\" href=\"https:\/\/orienteering.sport\/event\/orienteering-world-cup-round-2\/welcome\/\" target=\"_blank\">IOF live<\/a>, \u017eiv\u011b na webu \u010cT sport plus, <a rel=\"noreferrer noopener\" href=\"https:\/\/www.ceskatelevize.cz\/porady\/15720182328-svetovy-pohar-v-orientacnim-behu\/223471291282003\/\" target=\"_blank\">\u010cT sport<\/a> sest\u0159ih od 22:00) <\/li>\n\n\n\n<li>5. srpna Kr\u00e1tk\u00e1 tra\u0165 11:00-15:30 (<a rel=\"noreferrer noopener\" href=\"https:\/\/orienteering.sport\/event\/orienteering-world-cup-round-2\/welcome\/\" target=\"_blank\">IOF live<\/a>, \u017eiv\u011b na webu \u010cT sport plus, <a rel=\"noreferrer noopener\" href=\"https:\/\/www.ceskatelevize.cz\/porady\/15720182328-svetovy-pohar-v-orientacnim-behu\/223471291282004\/\" target=\"_blank\">\u010cT sport<\/a> sest\u0159ih od 22:15)<\/li>\n\n\n\n<li>6. srpna Klasick\u00e1 tra\u0165 11:00-15:30 (<a rel=\"noreferrer noopener\" href=\"https:\/\/orienteering.sport\/event\/orienteering-world-cup-round-2\/welcome\/\" target=\"_blank\">IOF live<\/a>, \u017eiv\u011b na webu \u010cT sport plus, <a rel=\"noreferrer noopener\" href=\"https:\/\/www.ceskatelevize.cz\/porady\/15720182328-svetovy-pohar-v-orientacnim-behu\/223471291282005-sp-cesko\/\" target=\"_blank\">\u010cT sport<\/a> sest\u0159ih od 23:15)<\/li>\n<\/ul>\n\n\n\n<h2 class=\"wp-block-heading\">Vize SP<\/h2>\n\n\n\n<p><strong>Spojen\u00ed profesion\u00e1ln\u00edho sportu a ve\u0159ejnosti<br><\/strong>Elita, hob\u00edci i ve\u0159ejnost. Z\u00e1\u017eitek pro v\u0161echny generace s nejr\u016fzn\u011bj\u0161\u00ed zku\u0161enost\u00ed umoc\u0148uje \u0161irok\u00fd dosah Sv\u011btov\u00e9ho poh\u00e1ru.<\/p>\n\n\n\n<p><strong>Nav\u00e1z\u00e1n\u00ed na MS v orienta\u010dn\u00edm b\u011bhu 2021<br><\/strong>Vyu\u017eit\u00ed know-how, kter\u00e9 po\u0159adatel\u00e9 z\u00edskali p\u0159i po\u0159\u00e1d\u00e1n\u00ed nejv\u011bt\u0161\u00ed mezin\u00e1rodn\u00ed akce v orienta\u010dn\u00edch sportech v historii. Mobiln\u00ed aplikace, placen\u00ed platebn\u00ed kartou ve v\u0161ech oblastech, komunikace s partnery, profesion\u00e1ln\u00ed videoanimace a mnoho dal\u0161\u00edho.<\/p>\n\n\n\n<p><strong>D\u016fraz na udr\u017eitelnost<br><\/strong>Udr\u017eiteln\u00fd koncept pro organizaci cel\u00e9 akce: online jedn\u00e1n\u00ed organiz\u00e1tor\u016f, vyu\u017eit\u00ed st\u00e1vaj\u00edc\u00edch materi\u00e1l\u016f z MS 2021 nejen v ar\u00e9n\u00e1ch , sportovi\u0161t\u011b vyu\u017eiteln\u00e9 i v dal\u0161\u00edch letech, komunikace skrz mobiln\u00ed aplikaci, t\u0159\u00edd\u011bn\u00ed odpadu nebo minimalizace ti\u0161t\u011bn\u00fdch materi\u00e1l\u016f. <\/p>\n\n\n\n<p><strong>Podpora regionu<br><\/strong>Vz\u00e1jemn\u00e1 podpora m\u00edstn\u00edch samospr\u00e1v a komunit. Podpora cestovn\u00edho ruchu, volno\u010dasov\u00fdch aktivit, vybudov\u00e1n\u00ed dal\u0161\u00edch sportovn\u00edch infrastruktur, podpora lok\u00e1ln\u00edch dodavatel\u016f a firem. Do roku 2023 vstupuje se sloganem <a href=\"https:\/\/www.wcup.cz\/2023\/cs\/ceska-lipa-zije-orientakem\/\" target=\"_blank\" rel=\"noreferrer noopener\">\u010cesk\u00e1 L\u00edpa \u017eije orien\u0165\u00e1kem<\/a>!<\/p>\n\n\n\n<p><strong>Otev\u0159en\u00e1 organizace<br><\/strong>Jasn\u00fd t\u00fdm, transparentn\u00ed rozpo\u010det a mo\u017enost ovlivn\u011bn\u00ed z\u00e1vod\u016f jako celku. P\u0159\u00edm\u00e1 komunikace OV sm\u011brem k dobrovoln\u00edk\u016fm i navz\u00e1jem.<\/p>\n","protected":false},"excerpt":{"rendered":"<p>\u010cesk\u00e1 L\u00edpa bude v term\u00ednu 2.\u20136. srpna 2023 hostit 2. kolo Sv\u011btov\u00e9ho poh\u00e1ru v orienta\u010dn\u00edm b\u011bhu. Po\u0159adatelem je \u010cesk\u00fd svaz orienta\u010dn\u00edch sport\u016f spolu se zhruba 200 dobrovoln\u00edk\u016f. Prvn\u00ed dva z\u00e1vody Sv\u011btov\u00e9ho poh\u00e1ru se uskute\u010dn\u00ed p\u0159\u00edmo v \u010cesk\u00e9 L\u00edp\u011b, dal\u0161\u00ed dva z\u00e1vody se pak budou konat v lesn\u00edch ter\u00e9nech Koko\u0159\u00ednska. Vstupn\u00e9 [&hellip;]<\/p>\n","protected":false},"author":1,"featured_media":0,"parent":0,"menu_order":0,"comment_status":"closed","ping_status":"closed","template":"","meta":{"_mi_skip_tracking":false,"_monsterinsights_sitenote_active":false,"_monsterinsights_sitenote_note":"","_monsterinsights_sitenote_category":0,"footnotes":""},"class_list":["post-447","page","type-page","status-publish","hentry"],"_links":{"self":[{"href":"https:\/\/www.wcup.cz\/2023\/wp-json\/wp\/v2\/pages\/447","targetHints":{"allow":["GET"]}}],"collection":[{"href":"https:\/\/www.wcup.cz\/2023\/wp-json\/wp\/v2\/pages"}],"about":[{"href":"https:\/\/www.wcup.cz\/2023\/wp-json\/wp\/v2\/types\/page"}],"author":[{"embeddable":true,"href":"https:\/\/www.wcup.cz\/2023\/wp-json\/wp\/v2\/users\/1"}],"replies":[{"embeddable":true,"href":"https:\/\/www.wcup.cz\/2023\/wp-json\/wp\/v2\/comments?post=447"}],"version-history":[{"count":1,"href":"https:\/\/www.wcup.cz\/2023\/wp-json\/wp\/v2\/pages\/447\/revisions"}],"predecessor-version":[{"id":1285,"href":"https:\/\/www.wcup.cz\/2023\/wp-json\/wp\/v2\/pages\/447\/revisions\/1285"}],"wp:attachment":[{"href":"https:\/\/www.wcup.cz\/2023\/wp-json\/wp\/v2\/media?parent=447"}],"curies":[{"name":"wp","href":"https:\/\/api.w.org\/{rel}","templated":true}]}}