{"id":450,"date":"2022-12-06T12:27:37","date_gmt":"2022-12-06T11:27:37","guid":{"rendered":"https:\/\/www.wcup.cz\/?page_id=450"},"modified":"2022-12-06T12:27:37","modified_gmt":"2022-12-06T11:27:37","slug":"ms-v-ob-2021","status":"publish","type":"page","link":"https:\/\/www.wcup.cz\/2023\/ms-v-ob-2021\/","title":{"rendered":"MS v OB 2021"},"content":{"rendered":"\n<h2 class=\"wp-block-heading\">Navazujeme na Mistrovstv\u00ed sv\u011bta v orienta\u010dn\u00edm b\u011bhu 2021<\/h2>\n\n\n\n<p>Po\u0159adatel\u00e9 2. kola Sv\u011btov\u00e9ho poh\u00e1ru v orienta\u010dn\u00edm b\u011bhu 2023 navazuj\u00ed na zda\u0159il\u00e9 Mistrovstv\u00ed sv\u011bta v orienta\u010dn\u00edm b\u011bhu, kter\u00e9 se uskute\u010dnilo v term\u00ednu 3. &#8211; 9. \u010dervence 2021 s centrem v Doksech. <br>Jednalo se o nejv\u011bt\u0161\u00ed sportovn\u00ed akci Libereck\u00e9ho kraje v roce 2021, kter\u00e9 se z\u00fa\u010dastnilo 307 z\u00e1vodn\u00edk\u016f ze 40 zem\u00ed. <\/p>\n\n\n\n<p><\/p>\n\n\n\n<figure class=\"wp-block-table is-style-stripes\"><table class=\"has-fixed-layout\"><tbody><tr><td>celkov\u00fd z\u00e1sah TV p\u0159enos\u016f<\/td><td>5 782 000<\/td><\/tr><tr><td>celkov\u00fd z\u00e1sah prost\u0159ednictv\u00edm ti\u0161t\u011bn\u00fdch m\u00e9di\u00ed<\/td><td>2 814 000<\/td><\/tr><tr><td>zhl\u00e9dnut\u00fdch str\u00e1nek webu MS jen za \u010dervenec 2021<\/td><td>   705 638<\/td><\/tr><tr><td>\u010dlov\u011bko-noc\u00ed v min. 60 r\u016fzn\u00fdch ubytovac\u00edch objektech<\/td><td>     13 700<\/td><\/tr><tr><td>fanou\u0161k\u016f v ar\u00e9n\u00e1ch z\u00e1vod\u016f<\/td><td>       4 700<\/td><\/tr><tr><td>organiz\u00e1tor\u016f<\/td><td>          358<\/td><\/tr><tr><td>partner\u016f<\/td><td>            46<\/td><\/tr><\/tbody><\/table><\/figure>\n\n\n\n<p><\/p>\n\n\n\n<p><strong>Dal\u0161\u00ed informace v\u010detn\u011b kompletn\u00edch v\u00fdsledk\u016f a map s trat\u011bmi lze nal\u00e9zt na adrese <a href=\"http:\/\/www.woc2021.cz\">www.woc2021.cz\u00a0<\/a>.<\/strong><\/p>\n\n\n\n<p><\/p>\n\n\n\n<h2 class=\"wp-block-heading\">P\u0159ipome\u0148te si atmosf\u00e9ru MS prost\u0159ednictv\u00edm kr\u00e1tk\u00fdch vide\u00ed:<\/h2>\n\n\n<table style=\"border-collapse: collapse;width: 100%;height: 72px\">\n<tbody>\n<tr style=\"height: 24px\">\n<td style=\"width: 33.3333%;height: 24px\"><\/td>\n<td style=\"width: 33.3333%;height: 24px\">\u00a0<\/td>\n<td style=\"width: 33.3333%;height: 24px\"><\/td>\n<\/tr>\n<tr style=\"height: 24px\">\n<td style=\"width: 33.3333%;height: 24px\">\u00a0<\/td>\n<td style=\"width: 33.3333%;height: 24px\"><\/td>\n<td style=\"width: 33.3333%;height: 24px\">\u00a0<\/td>\n<\/tr>\n<tr style=\"height: 24px\">\n<td style=\"width: 33.3333%;height: 24px\"><\/td>\n<td style=\"width: 33.3333%;height: 24px\">\u00a0<\/td>\n<td style=\"width: 33.3333%;height: 24px\"><\/td>\n<\/tr>\n<\/tbody>\n<\/table>","protected":false},"excerpt":{"rendered":"<p>Navazujeme na Mistrovstv\u00ed sv\u011bta v orienta\u010dn\u00edm b\u011bhu 2021 Po\u0159adatel\u00e9 2. kola Sv\u011btov\u00e9ho poh\u00e1ru v orienta\u010dn\u00edm b\u011bhu 2023 navazuj\u00ed na zda\u0159il\u00e9 Mistrovstv\u00ed sv\u011bta v orienta\u010dn\u00edm b\u011bhu, kter\u00e9 se uskute\u010dnilo v term\u00ednu 3. &#8211; 9. \u010dervence 2021 s centrem v Doksech. Jednalo se o nejv\u011bt\u0161\u00ed sportovn\u00ed akci Libereck\u00e9ho kraje v roce 2021, [&hellip;]<\/p>\n","protected":false},"author":1,"featured_media":0,"parent":0,"menu_order":0,"comment_status":"closed","ping_status":"closed","template":"","meta":{"_mi_skip_tracking":false,"_monsterinsights_sitenote_active":false,"_monsterinsights_sitenote_note":"","_monsterinsights_sitenote_category":0,"footnotes":""},"class_list":["post-450","page","type-page","status-publish","hentry"],"_links":{"self":[{"href":"https:\/\/www.wcup.cz\/2023\/wp-json\/wp\/v2\/pages\/450","targetHints":{"allow":["GET"]}}],"collection":[{"href":"https:\/\/www.wcup.cz\/2023\/wp-json\/wp\/v2\/pages"}],"about":[{"href":"https:\/\/www.wcup.cz\/2023\/wp-json\/wp\/v2\/types\/page"}],"author":[{"embeddable":true,"href":"https:\/\/www.wcup.cz\/2023\/wp-json\/wp\/v2\/users\/1"}],"replies":[{"embeddable":true,"href":"https:\/\/www.wcup.cz\/2023\/wp-json\/wp\/v2\/comments?post=450"}],"version-history":[{"count":0,"href":"https:\/\/www.wcup.cz\/2023\/wp-json\/wp\/v2\/pages\/450\/revisions"}],"wp:attachment":[{"href":"https:\/\/www.wcup.cz\/2023\/wp-json\/wp\/v2\/media?parent=450"}],"curies":[{"name":"wp","href":"https:\/\/api.w.org\/{rel}","templated":true}]}}