{"id":472,"date":"2022-12-06T15:22:03","date_gmt":"2022-12-06T14:22:03","guid":{"rendered":"https:\/\/www.wcup.cz\/?page_id=472"},"modified":"2025-02-16T10:59:54","modified_gmt":"2025-02-16T09:59:54","slug":"co-je-ob","status":"publish","type":"page","link":"https:\/\/www.wcup.cz\/2023\/co-je-ob\/","title":{"rendered":"Co je OB"},"content":{"rendered":"\n<p><strong>Taky r\u00e1d pob\u00fdv\u00e1\u0161 v p\u0159\u00edrod\u011b za ka\u017ed\u00e9ho po\u010das\u00ed? Hled\u00e1\u0161 dobrodru\u017estv\u00ed, za kter\u00fdm nebude\u0161 muset cestovat na druhou stranu planety? A p\u0159ijde ti norm\u00e1ln\u00ed b\u011bh\u00e1n\u00ed ob\u010das u\u017e trochu nudn\u00e9? Pak je pro tebe orienta\u010dn\u00ed b\u011bh (OB) to prav\u00e9!<\/strong><\/p>\n\n\n\n<h3 class=\"wp-block-heading\">10 d\u016fvod\u016f, pro\u010d bys <strong>m\u011bl orien\u0165\u00e1k vyzkou\u0161et<\/strong><\/h3>\n\n\n\n<ul class=\"wp-block-list\">\n<li>Nab\u00edz\u00ed aktivn\u00ed pohyb na \u010derstv\u00e9m vzduchu, na\u0161\u00ed hern\u00ed plochou jsou (a\u017e na z\u00e1vody ve sprintu) lesy a louky.<\/li>\n\n\n\n<li>Je to rodinn\u00fd sport! M\u00e1me kategorie pro \u00fapln\u00e9 \u0161punty, extr\u00e9mn\u00ed trat\u011b pro elitn\u00ed sportovce ale tak\u00e9 trat\u011b pro star\u0161\u00ed a zku\u0161en\u00e9. Ka\u017ed\u00fd si vybere.<\/li>\n\n\n\n<li>Najde\u0161 dobrou partu! Orien\u0165\u00e1k je sport, kter\u00fd d\u011blaj\u00ed velmi p\u0159\u00e1tel\u0161t\u00ed a mil\u00ed lid\u00e9. Po cel\u00e9m sv\u011bt\u011b se mu v\u011bnuje t\u00e9m\u011b\u0159 milion lid\u00ed a tak skoro v\u017edy, kdy\u017e bude\u0161 v zahrani\u010d\u00ed s\u00e1m (Erasmus, pracovn\u00ed pobyt,&#8230;) a bude\u0161 cht\u00edt rychle naj\u00edt p\u0159\u00e1tele, vyhled\u00e1\u0161 nejbli\u017e\u0161\u00ed klub OB a najde\u0161 partu lid\u00ed se stejn\u00fdm \u017eivotn\u00edm stylem. Ov\u011b\u0159eno.<\/li>\n\n\n\n<li>Orien\u0165\u00e1k je rozmanit\u00fd! Nab\u00edz\u00ed celkem \u010dty\u0159i r\u016fzn\u00e1 sportovn\u00ed odv\u011btv\u00ed, kter\u00fdmi m\u016f\u017ee\u0161 vyplnit cel\u00fd rok:\n<ul class=\"wp-block-list\">\n<li>OB &#8211; p\u011b\u0161\u00ed (b\u011b\u017eeck\u00fd) orienta\u010dn\u00ed b\u011bh,&nbsp;<\/li>\n\n\n\n<li>MTBO &#8211; orienta\u010dn\u00ed b\u011bh na horsk\u00fdch kolech,<\/li>\n\n\n\n<li>LOB &#8211; ly\u017ea\u0159sk\u00fd orienta\u010dn\u00ed b\u011bh,&nbsp;<\/li>\n\n\n\n<li>TRAIL-O &#8211; orienta\u010dn\u00ed b\u011bh uzp\u016fsoben\u00fd i pro handicapovan\u00e9<\/li>\n<\/ul>\n<\/li>\n\n\n\n<li>Bude\u0161 otu\u017eil\u00fd. B\u011bh\u00e1me za ka\u017ed\u00e9ho po\u010das\u00ed a tak \u010dasem p\u0159ijme\u0161 jako spr\u00e1vn\u00fd orien\u0165\u00e1k heslo nen\u00ed \u0161patn\u00e9 po\u010das\u00ed, ale oble\u010den\u00ed, za sv\u00e9.<\/li>\n\n\n\n<li>Jde o modern\u00ed outdoorov\u00fd sport s histori\u00ed ji\u017e od 19. stolet\u00ed, kdy v Norsku prob\u011bhl \u00fapln\u011b prvn\u00ed z\u00e1vod.&nbsp;<\/li>\n\n\n\n<li>Pokud nem\u016f\u017ee\u0161 a nep\u0159id\u00e1\u0161, v\u017edycky m\u016f\u017ee\u0161 za\u010d\u00edt mapovat a i t\u00edm nahnat cenn\u00e9 vte\u0159inky na soupe\u0159e.<\/li>\n\n\n\n<li>St\u00e1le roste. Z\u00e1kladna se za posledn\u00edch 10 let zv\u00fd\u0161ila o a jeho obliba nad\u00e1le roste. V \u010cesku je 15 000 registrovan\u00fdch orien\u0165\u00e1k\u016f a dal\u0161\u00edch 15 000 lid\u00ed v\u00edce \u010di m\u00e9n\u011b pravideln\u011b orien\u0165\u00e1k ka\u017ed\u00fd rok vyzkou\u0161\u00ed.&nbsp;<\/li>\n\n\n\n<li>Je to modern\u00ed sport! Pou\u017e\u00edv\u00e1 GPS pro online sledov\u00e1n\u00ed pr\u016fb\u011bhu z\u00e1vodu vybran\u00fdch z\u00e1vodn\u00edk\u016f. Pokud nejsou v\u00fdsledky online p\u0159\u00edmo z lesa, nejpozd\u011bji ve\u010der je najde\u0161 na webu z\u00e1vodu i se ztr\u00e1tou na v\u00edt\u011bze z ka\u017ed\u00e9 kontroly.<\/li>\n\n\n\n<li>Pozn\u00e1\u0161 r\u016fzn\u00e1 m\u00edsta \u010cesk\u00e9 republiky i v zahrani\u010d\u00ed. Ka\u017ed\u00fd v\u00edkend m\u016f\u017ee\u0161 b\u011bhat na nov\u00e9m nepoznan\u00e9m m\u00edst\u011b.<\/li>\n<\/ul>\n\n\n\n<p><strong>Kde najdu dal\u0161\u00ed informace o orienta\u010dn\u00edm b\u011bhu?<br><a href=\"https:\/\/zacitorientak.cz\/\" target=\"_blank\" rel=\"noreferrer noopener\">Za\u010d\u00edt orien\u0165\u00e1k\u00a0<\/a><\/strong>\u2013 web s informacemi o klubech, mo\u017enostech provozov\u00e1n\u00ed OB nebo Are\u00e1lech pevn\u00fdch kontrol<br><a href=\"https:\/\/metodika.orientacnisporty.cz\/upload\/2022\/09\/Jak-na-prvni-orientak-0919.pdf\" target=\"_blank\" rel=\"noreferrer noopener\"><strong>Jak na prvn\u00ed orien\u0165\u00e1k<\/strong><\/a>\u00a0\u2013 p\u0159\u00edru\u010dka pro nov\u00e1\u010dky, kte\u0159\u00ed se chystaj\u00ed na sv\u016fj prvn\u00ed z\u00e1vod<br><strong><a href=\"https:\/\/www.wcup.cz\/2023\" target=\"_blank\" rel=\"noreferrer noopener\">SP 2023<\/a><\/strong>\u00a0\u2013 web sv\u011btov\u00e9ho poh\u00e1ru, kter\u00fd se pob\u011b\u017e\u00ed 2.\u20146. srpna 2023 v \u010cesk\u00e9 L\u00edp\u011b a okol\u00ed spolu s Czech O-Tour<br><a href=\"https:\/\/woc2021.cz\/\" target=\"_blank\" rel=\"noreferrer noopener\"><strong>MS 2021<\/strong><\/a>\u00a0\u2013 web sv\u011btov\u00e9ho \u0161ampion\u00e1tu, kter\u00fd prob\u011bhl v roce 2021 v \u010cesku<br><a href=\"https:\/\/www.orientacnisporty.cz\/\" target=\"_blank\" rel=\"noreferrer noopener\"><strong>\u010cSOS<\/strong><\/a>\u00a0\u2013 str\u00e1nky \u010cesk\u00e9ho svazu orienta\u010dn\u00edch sport\u016f<\/p>\n\n\n\n<p><div class=\"embed-responsive embed-responsive-16by9\"><iframe class=\"embed-responsive-item\"  title=\"Orienta\u010dn\u00ed b\u011bh - zelen\u00fd sport\" width=\"500\" height=\"281\" src=\"https:\/\/www.youtube.com\/embed\/D767m2DVVkc?feature=oembed\" frameborder=\"0\" allow=\"accelerometer; autoplay; clipboard-write; encrypted-media; gyroscope; picture-in-picture; web-share\" referrerpolicy=\"strict-origin-when-cross-origin\" allowfullscreen><\/iframe><\/div><\/p>\n\n\n\n<p><br><\/p>\n","protected":false},"excerpt":{"rendered":"<p>Taky r\u00e1d pob\u00fdv\u00e1\u0161 v p\u0159\u00edrod\u011b za ka\u017ed\u00e9ho po\u010das\u00ed? Hled\u00e1\u0161 dobrodru\u017estv\u00ed, za kter\u00fdm nebude\u0161 muset cestovat na druhou stranu planety? A p\u0159ijde ti norm\u00e1ln\u00ed b\u011bh\u00e1n\u00ed ob\u010das u\u017e trochu nudn\u00e9? Pak je pro tebe orienta\u010dn\u00ed b\u011bh (OB) to prav\u00e9! 10 d\u016fvod\u016f, pro\u010d bys m\u011bl orien\u0165\u00e1k vyzkou\u0161et Kde najdu dal\u0161\u00ed informace o orienta\u010dn\u00edm [&hellip;]<\/p>\n","protected":false},"author":1,"featured_media":0,"parent":0,"menu_order":0,"comment_status":"closed","ping_status":"closed","template":"","meta":{"_mi_skip_tracking":false,"_monsterinsights_sitenote_active":false,"_monsterinsights_sitenote_note":"","_monsterinsights_sitenote_category":0,"footnotes":""},"class_list":["post-472","page","type-page","status-publish","hentry"],"_links":{"self":[{"href":"https:\/\/www.wcup.cz\/2023\/wp-json\/wp\/v2\/pages\/472","targetHints":{"allow":["GET"]}}],"collection":[{"href":"https:\/\/www.wcup.cz\/2023\/wp-json\/wp\/v2\/pages"}],"about":[{"href":"https:\/\/www.wcup.cz\/2023\/wp-json\/wp\/v2\/types\/page"}],"author":[{"embeddable":true,"href":"https:\/\/www.wcup.cz\/2023\/wp-json\/wp\/v2\/users\/1"}],"replies":[{"embeddable":true,"href":"https:\/\/www.wcup.cz\/2023\/wp-json\/wp\/v2\/comments?post=472"}],"version-history":[{"count":1,"href":"https:\/\/www.wcup.cz\/2023\/wp-json\/wp\/v2\/pages\/472\/revisions"}],"predecessor-version":[{"id":1286,"href":"https:\/\/www.wcup.cz\/2023\/wp-json\/wp\/v2\/pages\/472\/revisions\/1286"}],"wp:attachment":[{"href":"https:\/\/www.wcup.cz\/2023\/wp-json\/wp\/v2\/media?parent=472"}],"curies":[{"name":"wp","href":"https:\/\/api.w.org\/{rel}","templated":true}]}}