{"id":572,"date":"2023-01-19T08:21:50","date_gmt":"2023-01-19T07:21:50","guid":{"rendered":"https:\/\/www.wcup.cz\/?page_id=572"},"modified":"2023-01-19T08:21:50","modified_gmt":"2023-01-19T07:21:50","slug":"ceska-lipa-zije-orientakem","status":"publish","type":"page","link":"https:\/\/www.wcup.cz\/2023\/pro-verejnost-2\/ceska-lipa-zije-orientakem\/","title":{"rendered":"\u010cesk\u00e1 L\u00edpa \u017eije orien\u0165\u00e1kem"},"content":{"rendered":"\n<p>Orien\u0165\u00e1ck\u00e9 m\u011bsto roku 2023 &#8211; \u010cesk\u00e1 L\u00edpa \u017eije orien\u0165\u00e1kem! V term\u00ednu 2.\u20143. srpna se v \u010cesk\u00e9 L\u00edp\u011b pob\u011b\u017e\u00ed dva z\u00e1vody Sv\u011btov\u00e9ho poh\u00e1ru v orienta\u010dn\u00edm b\u011bhu. P\u0159ij\u010fte nejen zafandit nejlep\u0161\u00edm sv\u011btov\u00fdm b\u011b\u017ec\u016fm, poj\u010fte si vyzkou\u0161et orien\u0165\u00e1k na vlastn\u00ed k\u016f\u017ei. B\u011bhem cel\u00e9ho jara chceme orien\u0165\u00e1k uk\u00e1zat co nejv\u00edce z\u00e1jemc\u016fm, p\u0159ipravujeme akce pro \u0161koly i pro ve\u0159ejnost. Na sv\u00e9 si p\u0159ijdou nov\u00e1\u010dci i zku\u0161en\u00ed sportovci, d\u011bti, dosp\u011bl\u00ed i d\u016fchodci, kte\u0159\u00ed orien\u0165\u00e1k pojmou t\u0159eba jako rodinn\u00fd v\u00fdlet nebo proch\u00e1zku po okoln\u00edch les\u00edch.<\/p>\n\n\n\n<p><strong>Akce v \u010cesk\u00e9 L\u00edp\u011b a okol\u00ed<\/strong> (pr\u016fb\u011b\u017en\u011b dopl\u0148ov\u00e1no)<\/p>\n\n\n\n<ul class=\"wp-block-list\">\n<li>13. kv\u011btna Outdoor hry (M\u011bstsk\u00fd stadion \u010cesk\u00e1 L\u00edpa, 10:00-12:00)<\/li>\n\n\n\n<li><a rel=\"noreferrer noopener\" href=\"https:\/\/www.wcup.cz\/cs\/ceska-lipa-zije-orientakem\/krajske-kolo-preboru-skol-world-orienteering-day\/\" target=\"_blank\">17. kv\u011btna Krajsk\u00e9 kolo p\u0159eboru \u0161kol<\/a> (Z\u0160 Partyz\u00e1nsk\u00e1 \u010cesk\u00e1 L\u00edpa)<\/li>\n\n\n\n<li><a rel=\"noreferrer noopener\" href=\"https:\/\/www.wcup.cz\/cs\/ceska-lipa-zije-orientakem\/krajske-kolo-preboru-skol-world-orienteering-day\/\" target=\"_blank\">17. kv\u011btna World Orienteering Day<\/a> = Sv\u011btov\u00fd den orienta\u010dn\u00edho b\u011bhu (Z\u0160 Partyz\u00e1nsk\u00e1 \u010cesk\u00e1 L\u00edpa)<\/li>\n\n\n\n<li>3. \u010dervna D\u011btsk\u00fd den (\u017dd\u00edrec)<\/li>\n\n\n\n<li>8.\u20139. \u010dervna Olympi\u00e1da \u0161kol (M\u011bstsk\u00fd stadion \u010cesk\u00e1 L\u00edpa)<\/li>\n\n\n\n<li>16.\u201318. \u010dervna M\u011bstsk\u00e9 slavnosti (\u010cesk\u00e1 L\u00edpa)<\/li>\n\n\n\n<li>1. \u010dervence Letn\u00ed slavnosti (Dub\u00e1)<\/li>\n\n\n\n<li>15. \u010dervence Sportovn\u00ed den (Autokemp Nedamov)<\/li>\n\n\n\n<li><strong>2. srpna Sv\u011btov\u00fd poh\u00e1r &#8211; sprint<\/strong> + orien\u0165\u00e1ck\u00e9 bludi\u0161t\u011b pro ve\u0159ejnost (\u010cesk\u00e1 L\u00edpa)<\/li>\n\n\n\n<li><strong>3. srpna Sv\u011btov\u00fd poh\u00e1r &#8211; sprintov\u00e9 \u0161tafety<\/strong> + orien\u0165\u00e1ck\u00e9 bludi\u0161t\u011b pro ve\u0159ejnost + z\u00e1vod <a href=\"https:\/\/o-tour.cz\/\">Czech O-Tour<\/a> (\u010cesk\u00e1 L\u00edpa)<\/li>\n\n\n\n<li>4. srpna Z\u00e1vod <a href=\"https:\/\/o-tour.cz\/\">Czech O-Tour<\/a> (Autokemp Nedamov)<\/li>\n\n\n\n<li><strong>5. srpna Sv\u011btov\u00fd poh\u00e1r &#8211; kr\u00e1tk\u00e1 tra\u0165<\/strong> + orien\u0165\u00e1ck\u00e9 bludi\u0161t\u011b pro ve\u0159ejnost + z\u00e1vod <a href=\"https:\/\/o-tour.cz\/\">Czech O-Tour<\/a> (\u017dd\u00edrec)<\/li>\n\n\n\n<li><strong>6. srpna Sv\u011btov\u00fd poh\u00e1r &#8211; klasick\u00e1 tra\u0165 <\/strong>+ orien\u0165\u00e1ck\u00e9 bludi\u0161t\u011b pro ve\u0159ejnost + z\u00e1vod <a href=\"https:\/\/o-tour.cz\/\">Czech O-Tour<\/a> (\u017dd\u00edrec)<\/li>\n<\/ul>\n\n\n\n<figure class=\"wp-block-embed is-type-video is-provider-youtube wp-block-embed-youtube wp-embed-aspect-16-9 wp-has-aspect-ratio\"><div class=\"wp-block-embed__wrapper\">\n<div class=\"embed-responsive embed-responsive-16by9\"><iframe class=\"embed-responsive-item\"  title=\"Orienteering World Cup 2023 Czechia Teaser\" width=\"500\" height=\"281\" src=\"https:\/\/www.youtube.com\/embed\/Z89TaDDb3OQ?feature=oembed\" frameborder=\"0\" allow=\"accelerometer; autoplay; clipboard-write; encrypted-media; gyroscope; picture-in-picture; web-share\" referrerpolicy=\"strict-origin-when-cross-origin\" allowfullscreen><\/iframe><\/div>\n<\/div><\/figure>\n","protected":false},"excerpt":{"rendered":"<p>Orien\u0165\u00e1ck\u00e9 m\u011bsto roku 2023 &#8211; \u010cesk\u00e1 L\u00edpa \u017eije orien\u0165\u00e1kem! V term\u00ednu 2.\u20143. srpna se v \u010cesk\u00e9 L\u00edp\u011b pob\u011b\u017e\u00ed dva z\u00e1vody Sv\u011btov\u00e9ho poh\u00e1ru v orienta\u010dn\u00edm b\u011bhu. P\u0159ij\u010fte nejen zafandit nejlep\u0161\u00edm sv\u011btov\u00fdm b\u011b\u017ec\u016fm, poj\u010fte si vyzkou\u0161et orien\u0165\u00e1k na vlastn\u00ed k\u016f\u017ei. B\u011bhem cel\u00e9ho jara chceme orien\u0165\u00e1k uk\u00e1zat co nejv\u00edce z\u00e1jemc\u016fm, p\u0159ipravujeme akce pro [&hellip;]<\/p>\n","protected":false},"author":1,"featured_media":0,"parent":421,"menu_order":0,"comment_status":"closed","ping_status":"closed","template":"","meta":{"_mi_skip_tracking":false,"_monsterinsights_sitenote_active":false,"_monsterinsights_sitenote_note":"","_monsterinsights_sitenote_category":0,"footnotes":""},"class_list":["post-572","page","type-page","status-publish","hentry"],"_links":{"self":[{"href":"https:\/\/www.wcup.cz\/2023\/wp-json\/wp\/v2\/pages\/572","targetHints":{"allow":["GET"]}}],"collection":[{"href":"https:\/\/www.wcup.cz\/2023\/wp-json\/wp\/v2\/pages"}],"about":[{"href":"https:\/\/www.wcup.cz\/2023\/wp-json\/wp\/v2\/types\/page"}],"author":[{"embeddable":true,"href":"https:\/\/www.wcup.cz\/2023\/wp-json\/wp\/v2\/users\/1"}],"replies":[{"embeddable":true,"href":"https:\/\/www.wcup.cz\/2023\/wp-json\/wp\/v2\/comments?post=572"}],"version-history":[{"count":0,"href":"https:\/\/www.wcup.cz\/2023\/wp-json\/wp\/v2\/pages\/572\/revisions"}],"up":[{"embeddable":true,"href":"https:\/\/www.wcup.cz\/2023\/wp-json\/wp\/v2\/pages\/421"}],"wp:attachment":[{"href":"https:\/\/www.wcup.cz\/2023\/wp-json\/wp\/v2\/media?parent=572"}],"curies":[{"name":"wp","href":"https:\/\/api.w.org\/{rel}","templated":true}]}}